{"id":2404,"date":"2023-04-21T14:48:18","date_gmt":"2023-04-21T12:48:18","guid":{"rendered":"https:\/\/foodonedge.com\/?page_id=2404"},"modified":"2023-05-03T16:14:21","modified_gmt":"2023-05-03T14:14:21","slug":"podla-serie","status":"publish","type":"page","link":"https:\/\/foodonedge.com\/en\/index-receptov\/podla-serie\/","title":{"rendered":"FOOD SERIES"},"content":{"rendered":"<div class=\"wp-block-columns is-layout-flex wp-container-core-columns-is-layout-9d6595d7 wp-block-columns-is-layout-flex\">\n<div class=\"wp-block-column is-layout-flow wp-block-column-is-layout-flow\">\n<h2 class=\"wp-block-heading has-text-align-center\" style=\"font-size:23px\">15 MINUTES MEALS<a href=\"https:\/\/foodonedge.com\/category\/jedlo\/podla-serie\/recepty-do-15-minut\/\"><img loading=\"lazy\" decoding=\"async\" width=\"150\" height=\"200\" class=\"wp-image-2434\" style=\"width: 150px;\" src=\"http:\/\/foodonedge.com\/wp-content\/uploads\/2023\/04\/LRM_20210704_172408.jpg\" alt=\"\" srcset=\"https:\/\/foodonedge.com\/wp-content\/uploads\/2023\/04\/LRM_20210704_172408.jpg 1536w, https:\/\/foodonedge.com\/wp-content\/uploads\/2023\/04\/LRM_20210704_172408-225x300.jpg 225w, https:\/\/foodonedge.com\/wp-content\/uploads\/2023\/04\/LRM_20210704_172408-768x1024.jpg 768w, https:\/\/foodonedge.com\/wp-content\/uploads\/2023\/04\/LRM_20210704_172408-1152x1536.jpg 1152w, https:\/\/foodonedge.com\/wp-content\/uploads\/2023\/04\/LRM_20210704_172408-45x60.jpg 45w\" sizes=\"auto, (max-width: 150px) 100vw, 150px\" \/><\/a><\/h2>\n<\/div>\n\n\n\n<div class=\"wp-block-column is-layout-flow wp-block-column-is-layout-flow\">\n<h2 class=\"wp-block-heading has-text-align-center\" style=\"font-size:23px\">30 MINUTES MEALS<a href=\"https:\/\/foodonedge.com\/category\/jedlo\/podla-serie\/recepty-do-30-minut\/\"><img loading=\"lazy\" decoding=\"async\" width=\"150\" height=\"200\" class=\"wp-image-2435\" style=\"width: 150px;\" src=\"http:\/\/foodonedge.com\/wp-content\/uploads\/2023\/04\/LRM_20210626_142626.jpg\" alt=\"\" srcset=\"https:\/\/foodonedge.com\/wp-content\/uploads\/2023\/04\/LRM_20210626_142626.jpg 1536w, https:\/\/foodonedge.com\/wp-content\/uploads\/2023\/04\/LRM_20210626_142626-225x300.jpg 225w, https:\/\/foodonedge.com\/wp-content\/uploads\/2023\/04\/LRM_20210626_142626-768x1024.jpg 768w, https:\/\/foodonedge.com\/wp-content\/uploads\/2023\/04\/LRM_20210626_142626-1152x1536.jpg 1152w, https:\/\/foodonedge.com\/wp-content\/uploads\/2023\/04\/LRM_20210626_142626-45x60.jpg 45w\" sizes=\"auto, (max-width: 150px) 100vw, 150px\" \/><\/a><\/h2>\n<\/div>\n\n\n\n<div class=\"wp-block-column is-layout-flow wp-block-column-is-layout-flow\">\n<h2 class=\"wp-block-heading has-text-align-center\" style=\"font-size:23px\"><\/h2>\n<\/div>\n\n\n\n<div class=\"wp-block-column is-layout-flow wp-block-column-is-layout-flow\">\n<h2 class=\"wp-block-heading\"><\/h2>\n<\/div>\n<\/div>","protected":false},"excerpt":{"rendered":"<p>DO 15 MIN\u00daT DO 30 MIN\u00daT<\/p>","protected":false},"author":1,"featured_media":0,"parent":2144,"menu_order":0,"comment_status":"closed","ping_status":"closed","template":"","meta":{"_monsterinsights_skip_tracking":false,"_monsterinsights_sitenote_active":false,"_monsterinsights_sitenote_note":"","_monsterinsights_sitenote_category":0,"footnotes":""},"class_list":["post-2404","page","type-page","status-publish","hentry"],"yoast_head":"<!-- This site is optimized with the Yoast SEO plugin v27.4 - https:\/\/yoast.com\/product\/yoast-seo-wordpress\/ -->\n<title>POD\u013dA S\u00c9RIE - FOOD ON EDGE<\/title>\n<meta name=\"robots\" content=\"index, follow, max-snippet:-1, max-image-preview:large, max-video-preview:-1\" \/>\n<link rel=\"canonical\" href=\"https:\/\/foodonedge.com\/en\/index-receptov\/podla-serie\/\" \/>\n<meta property=\"og:locale\" content=\"en_US\" \/>\n<meta property=\"og:type\" content=\"article\" \/>\n<meta property=\"og:title\" content=\"POD\u013dA S\u00c9RIE - FOOD ON EDGE\" \/>\n<meta property=\"og:description\" content=\"DO 15 MIN\u00daT DO 30 MIN\u00daT\" \/>\n<meta property=\"og:url\" content=\"https:\/\/foodonedge.com\/en\/index-receptov\/podla-serie\/\" \/>\n<meta property=\"og:site_name\" content=\"FOOD ON EDGE\" \/>\n<meta property=\"article:modified_time\" content=\"2023-05-03T14:14:21+00:00\" \/>\n<meta property=\"og:image\" content=\"http:\/\/foodonedge.com\/wp-content\/uploads\/2023\/04\/LRM_20210704_172408.jpg\" \/>\n<meta name=\"twitter:card\" content=\"summary_large_image\" \/>\n<meta name=\"twitter:label1\" content=\"Est. reading time\" \/>\n\t<meta name=\"twitter:data1\" content=\"1 minute\" \/>\n<script type=\"application\/ld+json\" class=\"yoast-schema-graph\">{\"@context\":\"https:\\\/\\\/schema.org\",\"@graph\":[{\"@type\":\"WebPage\",\"@id\":\"https:\\\/\\\/foodonedge.com\\\/en\\\/index-receptov\\\/podla-serie\\\/\",\"url\":\"https:\\\/\\\/foodonedge.com\\\/en\\\/index-receptov\\\/podla-serie\\\/\",\"name\":\"POD\u013dA S\u00c9RIE - FOOD ON EDGE\",\"isPartOf\":{\"@id\":\"https:\\\/\\\/foodonedge.com\\\/#website\"},\"primaryImageOfPage\":{\"@id\":\"https:\\\/\\\/foodonedge.com\\\/en\\\/index-receptov\\\/podla-serie\\\/#primaryimage\"},\"image\":{\"@id\":\"https:\\\/\\\/foodonedge.com\\\/en\\\/index-receptov\\\/podla-serie\\\/#primaryimage\"},\"thumbnailUrl\":\"http:\\\/\\\/foodonedge.com\\\/wp-content\\\/uploads\\\/2023\\\/04\\\/LRM_20210704_172408.jpg\",\"datePublished\":\"2023-04-21T12:48:18+00:00\",\"dateModified\":\"2023-05-03T14:14:21+00:00\",\"breadcrumb\":{\"@id\":\"https:\\\/\\\/foodonedge.com\\\/en\\\/index-receptov\\\/podla-serie\\\/#breadcrumb\"},\"inLanguage\":\"en-US\",\"potentialAction\":[{\"@type\":\"ReadAction\",\"target\":[\"https:\\\/\\\/foodonedge.com\\\/en\\\/index-receptov\\\/podla-serie\\\/\"]}]},{\"@type\":\"ImageObject\",\"inLanguage\":\"en-US\",\"@id\":\"https:\\\/\\\/foodonedge.com\\\/en\\\/index-receptov\\\/podla-serie\\\/#primaryimage\",\"url\":\"http:\\\/\\\/foodonedge.com\\\/wp-content\\\/uploads\\\/2023\\\/04\\\/LRM_20210704_172408.jpg\",\"contentUrl\":\"http:\\\/\\\/foodonedge.com\\\/wp-content\\\/uploads\\\/2023\\\/04\\\/LRM_20210704_172408.jpg\"},{\"@type\":\"BreadcrumbList\",\"@id\":\"https:\\\/\\\/foodonedge.com\\\/en\\\/index-receptov\\\/podla-serie\\\/#breadcrumb\",\"itemListElement\":[{\"@type\":\"ListItem\",\"position\":1,\"name\":\"Domovsk\u00e1 str\u00e1nka\",\"item\":\"https:\\\/\\\/foodonedge.com\\\/\"},{\"@type\":\"ListItem\",\"position\":2,\"name\":\"ZOZNAM RECEPTOV\",\"item\":\"https:\\\/\\\/foodonedge.com\\\/en\\\/index-receptov\\\/\"},{\"@type\":\"ListItem\",\"position\":3,\"name\":\"POD\u013dA S\u00c9RIE\"}]},{\"@type\":\"WebSite\",\"@id\":\"https:\\\/\\\/foodonedge.com\\\/#website\",\"url\":\"https:\\\/\\\/foodonedge.com\\\/\",\"name\":\"FOOD ON EDGE\",\"description\":\"\",\"potentialAction\":[{\"@type\":\"SearchAction\",\"target\":{\"@type\":\"EntryPoint\",\"urlTemplate\":\"https:\\\/\\\/foodonedge.com\\\/?s={search_term_string}\"},\"query-input\":{\"@type\":\"PropertyValueSpecification\",\"valueRequired\":true,\"valueName\":\"search_term_string\"}}],\"inLanguage\":\"en-US\"}]}<\/script>\n<!-- \/ Yoast SEO plugin. -->","yoast_head_json":{"title":"POD\u013dA S\u00c9RIE - FOOD ON EDGE","robots":{"index":"index","follow":"follow","max-snippet":"max-snippet:-1","max-image-preview":"max-image-preview:large","max-video-preview":"max-video-preview:-1"},"canonical":"https:\/\/foodonedge.com\/en\/index-receptov\/podla-serie\/","og_locale":"en_US","og_type":"article","og_title":"POD\u013dA S\u00c9RIE - FOOD ON EDGE","og_description":"DO 15 MIN\u00daT DO 30 MIN\u00daT","og_url":"https:\/\/foodonedge.com\/en\/index-receptov\/podla-serie\/","og_site_name":"FOOD ON EDGE","article_modified_time":"2023-05-03T14:14:21+00:00","og_image":[{"url":"http:\/\/foodonedge.com\/wp-content\/uploads\/2023\/04\/LRM_20210704_172408.jpg","type":"","width":"","height":""}],"twitter_card":"summary_large_image","twitter_misc":{"Est. reading time":"1 minute"},"schema":{"@context":"https:\/\/schema.org","@graph":[{"@type":"WebPage","@id":"https:\/\/foodonedge.com\/en\/index-receptov\/podla-serie\/","url":"https:\/\/foodonedge.com\/en\/index-receptov\/podla-serie\/","name":"POD\u013dA S\u00c9RIE - FOOD ON EDGE","isPartOf":{"@id":"https:\/\/foodonedge.com\/#website"},"primaryImageOfPage":{"@id":"https:\/\/foodonedge.com\/en\/index-receptov\/podla-serie\/#primaryimage"},"image":{"@id":"https:\/\/foodonedge.com\/en\/index-receptov\/podla-serie\/#primaryimage"},"thumbnailUrl":"http:\/\/foodonedge.com\/wp-content\/uploads\/2023\/04\/LRM_20210704_172408.jpg","datePublished":"2023-04-21T12:48:18+00:00","dateModified":"2023-05-03T14:14:21+00:00","breadcrumb":{"@id":"https:\/\/foodonedge.com\/en\/index-receptov\/podla-serie\/#breadcrumb"},"inLanguage":"en-US","potentialAction":[{"@type":"ReadAction","target":["https:\/\/foodonedge.com\/en\/index-receptov\/podla-serie\/"]}]},{"@type":"ImageObject","inLanguage":"en-US","@id":"https:\/\/foodonedge.com\/en\/index-receptov\/podla-serie\/#primaryimage","url":"http:\/\/foodonedge.com\/wp-content\/uploads\/2023\/04\/LRM_20210704_172408.jpg","contentUrl":"http:\/\/foodonedge.com\/wp-content\/uploads\/2023\/04\/LRM_20210704_172408.jpg"},{"@type":"BreadcrumbList","@id":"https:\/\/foodonedge.com\/en\/index-receptov\/podla-serie\/#breadcrumb","itemListElement":[{"@type":"ListItem","position":1,"name":"Domovsk\u00e1 str\u00e1nka","item":"https:\/\/foodonedge.com\/"},{"@type":"ListItem","position":2,"name":"ZOZNAM RECEPTOV","item":"https:\/\/foodonedge.com\/en\/index-receptov\/"},{"@type":"ListItem","position":3,"name":"POD\u013dA S\u00c9RIE"}]},{"@type":"WebSite","@id":"https:\/\/foodonedge.com\/#website","url":"https:\/\/foodonedge.com\/","name":"FOOD ON EDGE","description":"","potentialAction":[{"@type":"SearchAction","target":{"@type":"EntryPoint","urlTemplate":"https:\/\/foodonedge.com\/?s={search_term_string}"},"query-input":{"@type":"PropertyValueSpecification","valueRequired":true,"valueName":"search_term_string"}}],"inLanguage":"en-US"}]}},"_links":{"self":[{"href":"https:\/\/foodonedge.com\/en\/wp-json\/wp\/v2\/pages\/2404","targetHints":{"allow":["GET"]}}],"collection":[{"href":"https:\/\/foodonedge.com\/en\/wp-json\/wp\/v2\/pages"}],"about":[{"href":"https:\/\/foodonedge.com\/en\/wp-json\/wp\/v2\/types\/page"}],"author":[{"embeddable":true,"href":"https:\/\/foodonedge.com\/en\/wp-json\/wp\/v2\/users\/1"}],"replies":[{"embeddable":true,"href":"https:\/\/foodonedge.com\/en\/wp-json\/wp\/v2\/comments?post=2404"}],"version-history":[{"count":3,"href":"https:\/\/foodonedge.com\/en\/wp-json\/wp\/v2\/pages\/2404\/revisions"}],"predecessor-version":[{"id":2642,"href":"https:\/\/foodonedge.com\/en\/wp-json\/wp\/v2\/pages\/2404\/revisions\/2642"}],"up":[{"embeddable":true,"href":"https:\/\/foodonedge.com\/en\/wp-json\/wp\/v2\/pages\/2144"}],"wp:attachment":[{"href":"https:\/\/foodonedge.com\/en\/wp-json\/wp\/v2\/media?parent=2404"}],"curies":[{"name":"wp","href":"https:\/\/api.w.org\/{rel}","templated":true}]}}