{"id":2402,"date":"2023-04-21T14:46:52","date_gmt":"2023-04-21T12:46:52","guid":{"rendered":"https:\/\/foodonedge.com\/?page_id=2402"},"modified":"2023-04-24T11:54:41","modified_gmt":"2023-04-24T09:54:41","slug":"intolerancie","status":"publish","type":"page","link":"https:\/\/foodonedge.com\/en\/index-receptov\/intolerancie\/","title":{"rendered":"RECIPES BY DIET"},"content":{"rendered":"<div class=\"wp-block-columns is-layout-flex wp-container-core-columns-is-layout-9d6595d7 wp-block-columns-is-layout-flex\">\n<div class=\"wp-block-column is-layout-flow wp-block-column-is-layout-flow\">\n<h2 class=\"wp-block-heading has-text-align-center\" style=\"font-size:23px\">LACTOSE-FREE<a href=\"https:\/\/foodonedge.com\/category\/jedlo\/intolerancie\/bezlaktozove\/\"><img loading=\"lazy\" decoding=\"async\" width=\"150\" height=\"200\" class=\"wp-image-2036\" style=\"width: 150px;\" src=\"http:\/\/foodonedge.com\/wp-content\/uploads\/2023\/04\/IMG_20201227_175419.jpg\" alt=\"\" srcset=\"https:\/\/foodonedge.com\/wp-content\/uploads\/2023\/04\/IMG_20201227_175419.jpg 1536w, https:\/\/foodonedge.com\/wp-content\/uploads\/2023\/04\/IMG_20201227_175419-225x300.jpg 225w, https:\/\/foodonedge.com\/wp-content\/uploads\/2023\/04\/IMG_20201227_175419-768x1024.jpg 768w, https:\/\/foodonedge.com\/wp-content\/uploads\/2023\/04\/IMG_20201227_175419-1152x1536.jpg 1152w, https:\/\/foodonedge.com\/wp-content\/uploads\/2023\/04\/IMG_20201227_175419-45x60.jpg 45w\" sizes=\"auto, (max-width: 150px) 100vw, 150px\" \/><\/a><\/h2>\n<\/div>\n\n\n\n<div class=\"wp-block-column is-layout-flow wp-block-column-is-layout-flow\">\n<h2 class=\"wp-block-heading has-text-align-center\" style=\"font-size:23px\">GLUTEN-FREE<a href=\"https:\/\/foodonedge.com\/category\/jedlo\/intolerancie\/bezlepkove\/\"><img loading=\"lazy\" decoding=\"async\" width=\"150\" height=\"200\" class=\"wp-image-1300\" style=\"width: 150px;\" src=\"http:\/\/foodonedge.com\/wp-content\/uploads\/2023\/02\/LRM_20210809_164150-scaled.jpg\" alt=\"\" srcset=\"https:\/\/foodonedge.com\/wp-content\/uploads\/2023\/02\/LRM_20210809_164150-scaled.jpg 1920w, https:\/\/foodonedge.com\/wp-content\/uploads\/2023\/02\/LRM_20210809_164150-225x300.jpg 225w, https:\/\/foodonedge.com\/wp-content\/uploads\/2023\/02\/LRM_20210809_164150-768x1024.jpg 768w, https:\/\/foodonedge.com\/wp-content\/uploads\/2023\/02\/LRM_20210809_164150-1152x1536.jpg 1152w, https:\/\/foodonedge.com\/wp-content\/uploads\/2023\/02\/LRM_20210809_164150-1536x2048.jpg 1536w\" sizes=\"auto, (max-width: 150px) 100vw, 150px\" \/><\/a><\/h2>\n<\/div>\n\n\n\n<div class=\"wp-block-column is-layout-flow wp-block-column-is-layout-flow\">\n<h2 class=\"wp-block-heading has-text-align-center\" style=\"font-size:23px\">FIT RECIPES<a href=\"https:\/\/foodonedge.com\/category\/jedlo\/intolerancie\/fit-recepty\/\"><img loading=\"lazy\" decoding=\"async\" width=\"150\" height=\"200\" class=\"wp-image-2428\" style=\"width: 150px;\" src=\"http:\/\/foodonedge.com\/wp-content\/uploads\/2023\/04\/LRM_20220613_200021.jpg\" alt=\"\" srcset=\"https:\/\/foodonedge.com\/wp-content\/uploads\/2023\/04\/LRM_20220613_200021.jpg 1536w, https:\/\/foodonedge.com\/wp-content\/uploads\/2023\/04\/LRM_20220613_200021-225x300.jpg 225w, https:\/\/foodonedge.com\/wp-content\/uploads\/2023\/04\/LRM_20220613_200021-768x1024.jpg 768w, https:\/\/foodonedge.com\/wp-content\/uploads\/2023\/04\/LRM_20220613_200021-1152x1536.jpg 1152w, https:\/\/foodonedge.com\/wp-content\/uploads\/2023\/04\/LRM_20220613_200021-45x60.jpg 45w\" sizes=\"auto, (max-width: 150px) 100vw, 150px\" \/><\/a><\/h2>\n<\/div>\n\n\n\n<div class=\"wp-block-column is-layout-flow wp-block-column-is-layout-flow\">\n<h2 class=\"wp-block-heading has-text-align-center\" style=\"font-size:23px\">VEGAN<a href=\"https:\/\/foodonedge.com\/category\/jedlo\/intolerancie\/veganske\/\"><img loading=\"lazy\" decoding=\"async\" width=\"150\" height=\"200\" class=\"wp-image-2432\" style=\"width: 150px;\" src=\"http:\/\/foodonedge.com\/wp-content\/uploads\/2023\/04\/IMG-20170518-WA0006.jpg\" alt=\"\" srcset=\"https:\/\/foodonedge.com\/wp-content\/uploads\/2023\/04\/IMG-20170518-WA0006.jpg 1536w, https:\/\/foodonedge.com\/wp-content\/uploads\/2023\/04\/IMG-20170518-WA0006-225x300.jpg 225w, https:\/\/foodonedge.com\/wp-content\/uploads\/2023\/04\/IMG-20170518-WA0006-768x1024.jpg 768w, https:\/\/foodonedge.com\/wp-content\/uploads\/2023\/04\/IMG-20170518-WA0006-1152x1536.jpg 1152w, https:\/\/foodonedge.com\/wp-content\/uploads\/2023\/04\/IMG-20170518-WA0006-45x60.jpg 45w\" sizes=\"auto, (max-width: 150px) 100vw, 150px\" \/><\/a><\/h2>\n<\/div>\n<\/div>\n\n\n\n<div class=\"wp-block-columns is-layout-flex wp-container-core-columns-is-layout-9d6595d7 wp-block-columns-is-layout-flex\">\n<div class=\"wp-block-column is-layout-flow wp-block-column-is-layout-flow\">\n<h2 class=\"wp-block-heading has-text-align-center\" style=\"font-size:23px\">VEGETARIAN<a href=\"https:\/\/foodonedge.com\/category\/jedlo\/intolerancie\/vegetarianske\/\"><img loading=\"lazy\" decoding=\"async\" width=\"150\" height=\"200\" class=\"wp-image-2429\" style=\"width: 150px;\" src=\"http:\/\/foodonedge.com\/wp-content\/uploads\/2023\/04\/LRM_20220311_141358.jpg\" alt=\"\" srcset=\"https:\/\/foodonedge.com\/wp-content\/uploads\/2023\/04\/LRM_20220311_141358.jpg 1536w, https:\/\/foodonedge.com\/wp-content\/uploads\/2023\/04\/LRM_20220311_141358-225x300.jpg 225w, https:\/\/foodonedge.com\/wp-content\/uploads\/2023\/04\/LRM_20220311_141358-768x1024.jpg 768w, https:\/\/foodonedge.com\/wp-content\/uploads\/2023\/04\/LRM_20220311_141358-1152x1536.jpg 1152w, https:\/\/foodonedge.com\/wp-content\/uploads\/2023\/04\/LRM_20220311_141358-45x60.jpg 45w\" sizes=\"auto, (max-width: 150px) 100vw, 150px\" \/><\/a><\/h2>\n<\/div>\n\n\n\n<div class=\"wp-block-column is-layout-flow wp-block-column-is-layout-flow\"><\/div>\n\n\n\n<div class=\"wp-block-column is-layout-flow wp-block-column-is-layout-flow\"><\/div>\n\n\n\n<div class=\"wp-block-column is-layout-flow wp-block-column-is-layout-flow\"><\/div>\n<\/div>","protected":false},"excerpt":{"rendered":"<p>BEZLAKT\u00d3ZOV\u00c9 BEZLEPKOV\u00c9 FIT RECEPTY VEG\u00c1NSKE VEGETARI\u00c1NSKE<\/p>","protected":false},"author":1,"featured_media":0,"parent":2144,"menu_order":0,"comment_status":"closed","ping_status":"closed","template":"","meta":{"_monsterinsights_skip_tracking":false,"_monsterinsights_sitenote_active":false,"_monsterinsights_sitenote_note":"","_monsterinsights_sitenote_category":0,"footnotes":""},"class_list":["post-2402","page","type-page","status-publish","hentry"],"yoast_head":"<!-- This site is optimized with the Yoast SEO plugin v27.4 - https:\/\/yoast.com\/product\/yoast-seo-wordpress\/ -->\n<title>INTOLERANCIE - FOOD ON EDGE<\/title>\n<meta name=\"robots\" content=\"index, follow, max-snippet:-1, max-image-preview:large, max-video-preview:-1\" \/>\n<link rel=\"canonical\" href=\"https:\/\/foodonedge.com\/en\/index-receptov\/intolerancie\/\" \/>\n<meta property=\"og:locale\" content=\"en_US\" \/>\n<meta property=\"og:type\" content=\"article\" \/>\n<meta property=\"og:title\" content=\"INTOLERANCIE - FOOD ON EDGE\" \/>\n<meta property=\"og:description\" content=\"BEZLAKT\u00d3ZOV\u00c9 BEZLEPKOV\u00c9 FIT RECEPTY VEG\u00c1NSKE VEGETARI\u00c1NSKE\" \/>\n<meta property=\"og:url\" content=\"https:\/\/foodonedge.com\/en\/index-receptov\/intolerancie\/\" \/>\n<meta property=\"og:site_name\" content=\"FOOD ON EDGE\" \/>\n<meta property=\"article:modified_time\" content=\"2023-04-24T09:54:41+00:00\" \/>\n<meta property=\"og:image\" content=\"http:\/\/foodonedge.com\/wp-content\/uploads\/2023\/04\/IMG_20201227_175419.jpg\" \/>\n<meta name=\"twitter:card\" content=\"summary_large_image\" \/>\n<meta name=\"twitter:label1\" content=\"Est. reading time\" \/>\n\t<meta name=\"twitter:data1\" content=\"2 minutes\" \/>\n<script type=\"application\/ld+json\" class=\"yoast-schema-graph\">{\"@context\":\"https:\\\/\\\/schema.org\",\"@graph\":[{\"@type\":\"WebPage\",\"@id\":\"https:\\\/\\\/foodonedge.com\\\/index-receptov\\\/intolerancie\\\/\",\"url\":\"https:\\\/\\\/foodonedge.com\\\/index-receptov\\\/intolerancie\\\/\",\"name\":\"INTOLERANCIE - FOOD ON EDGE\",\"isPartOf\":{\"@id\":\"https:\\\/\\\/foodonedge.com\\\/#website\"},\"primaryImageOfPage\":{\"@id\":\"https:\\\/\\\/foodonedge.com\\\/index-receptov\\\/intolerancie\\\/#primaryimage\"},\"image\":{\"@id\":\"https:\\\/\\\/foodonedge.com\\\/index-receptov\\\/intolerancie\\\/#primaryimage\"},\"thumbnailUrl\":\"http:\\\/\\\/foodonedge.com\\\/wp-content\\\/uploads\\\/2023\\\/04\\\/IMG_20201227_175419.jpg\",\"datePublished\":\"2023-04-21T12:46:52+00:00\",\"dateModified\":\"2023-04-24T09:54:41+00:00\",\"breadcrumb\":{\"@id\":\"https:\\\/\\\/foodonedge.com\\\/index-receptov\\\/intolerancie\\\/#breadcrumb\"},\"inLanguage\":\"en-US\",\"potentialAction\":[{\"@type\":\"ReadAction\",\"target\":[\"https:\\\/\\\/foodonedge.com\\\/index-receptov\\\/intolerancie\\\/\"]}]},{\"@type\":\"ImageObject\",\"inLanguage\":\"en-US\",\"@id\":\"https:\\\/\\\/foodonedge.com\\\/index-receptov\\\/intolerancie\\\/#primaryimage\",\"url\":\"http:\\\/\\\/foodonedge.com\\\/wp-content\\\/uploads\\\/2023\\\/04\\\/IMG_20201227_175419.jpg\",\"contentUrl\":\"http:\\\/\\\/foodonedge.com\\\/wp-content\\\/uploads\\\/2023\\\/04\\\/IMG_20201227_175419.jpg\"},{\"@type\":\"BreadcrumbList\",\"@id\":\"https:\\\/\\\/foodonedge.com\\\/index-receptov\\\/intolerancie\\\/#breadcrumb\",\"itemListElement\":[{\"@type\":\"ListItem\",\"position\":1,\"name\":\"Domovsk\u00e1 str\u00e1nka\",\"item\":\"https:\\\/\\\/foodonedge.com\\\/\"},{\"@type\":\"ListItem\",\"position\":2,\"name\":\"ZOZNAM RECEPTOV\",\"item\":\"https:\\\/\\\/foodonedge.com\\\/en\\\/index-receptov\\\/\"},{\"@type\":\"ListItem\",\"position\":3,\"name\":\"INTOLERANCIE\"}]},{\"@type\":\"WebSite\",\"@id\":\"https:\\\/\\\/foodonedge.com\\\/#website\",\"url\":\"https:\\\/\\\/foodonedge.com\\\/\",\"name\":\"FOOD ON EDGE\",\"description\":\"\",\"potentialAction\":[{\"@type\":\"SearchAction\",\"target\":{\"@type\":\"EntryPoint\",\"urlTemplate\":\"https:\\\/\\\/foodonedge.com\\\/?s={search_term_string}\"},\"query-input\":{\"@type\":\"PropertyValueSpecification\",\"valueRequired\":true,\"valueName\":\"search_term_string\"}}],\"inLanguage\":\"en-US\"}]}<\/script>\n<!-- \/ Yoast SEO plugin. -->","yoast_head_json":{"title":"INTOLERANCIE - FOOD ON EDGE","robots":{"index":"index","follow":"follow","max-snippet":"max-snippet:-1","max-image-preview":"max-image-preview:large","max-video-preview":"max-video-preview:-1"},"canonical":"https:\/\/foodonedge.com\/en\/index-receptov\/intolerancie\/","og_locale":"en_US","og_type":"article","og_title":"INTOLERANCIE - FOOD ON EDGE","og_description":"BEZLAKT\u00d3ZOV\u00c9 BEZLEPKOV\u00c9 FIT RECEPTY VEG\u00c1NSKE VEGETARI\u00c1NSKE","og_url":"https:\/\/foodonedge.com\/en\/index-receptov\/intolerancie\/","og_site_name":"FOOD ON EDGE","article_modified_time":"2023-04-24T09:54:41+00:00","og_image":[{"url":"http:\/\/foodonedge.com\/wp-content\/uploads\/2023\/04\/IMG_20201227_175419.jpg","type":"","width":"","height":""}],"twitter_card":"summary_large_image","twitter_misc":{"Est. reading time":"2 minutes"},"schema":{"@context":"https:\/\/schema.org","@graph":[{"@type":"WebPage","@id":"https:\/\/foodonedge.com\/index-receptov\/intolerancie\/","url":"https:\/\/foodonedge.com\/index-receptov\/intolerancie\/","name":"INTOLERANCIE - FOOD ON EDGE","isPartOf":{"@id":"https:\/\/foodonedge.com\/#website"},"primaryImageOfPage":{"@id":"https:\/\/foodonedge.com\/index-receptov\/intolerancie\/#primaryimage"},"image":{"@id":"https:\/\/foodonedge.com\/index-receptov\/intolerancie\/#primaryimage"},"thumbnailUrl":"http:\/\/foodonedge.com\/wp-content\/uploads\/2023\/04\/IMG_20201227_175419.jpg","datePublished":"2023-04-21T12:46:52+00:00","dateModified":"2023-04-24T09:54:41+00:00","breadcrumb":{"@id":"https:\/\/foodonedge.com\/index-receptov\/intolerancie\/#breadcrumb"},"inLanguage":"en-US","potentialAction":[{"@type":"ReadAction","target":["https:\/\/foodonedge.com\/index-receptov\/intolerancie\/"]}]},{"@type":"ImageObject","inLanguage":"en-US","@id":"https:\/\/foodonedge.com\/index-receptov\/intolerancie\/#primaryimage","url":"http:\/\/foodonedge.com\/wp-content\/uploads\/2023\/04\/IMG_20201227_175419.jpg","contentUrl":"http:\/\/foodonedge.com\/wp-content\/uploads\/2023\/04\/IMG_20201227_175419.jpg"},{"@type":"BreadcrumbList","@id":"https:\/\/foodonedge.com\/index-receptov\/intolerancie\/#breadcrumb","itemListElement":[{"@type":"ListItem","position":1,"name":"Domovsk\u00e1 str\u00e1nka","item":"https:\/\/foodonedge.com\/"},{"@type":"ListItem","position":2,"name":"ZOZNAM RECEPTOV","item":"https:\/\/foodonedge.com\/en\/index-receptov\/"},{"@type":"ListItem","position":3,"name":"INTOLERANCIE"}]},{"@type":"WebSite","@id":"https:\/\/foodonedge.com\/#website","url":"https:\/\/foodonedge.com\/","name":"FOOD ON EDGE","description":"","potentialAction":[{"@type":"SearchAction","target":{"@type":"EntryPoint","urlTemplate":"https:\/\/foodonedge.com\/?s={search_term_string}"},"query-input":{"@type":"PropertyValueSpecification","valueRequired":true,"valueName":"search_term_string"}}],"inLanguage":"en-US"}]}},"_links":{"self":[{"href":"https:\/\/foodonedge.com\/en\/wp-json\/wp\/v2\/pages\/2402","targetHints":{"allow":["GET"]}}],"collection":[{"href":"https:\/\/foodonedge.com\/en\/wp-json\/wp\/v2\/pages"}],"about":[{"href":"https:\/\/foodonedge.com\/en\/wp-json\/wp\/v2\/types\/page"}],"author":[{"embeddable":true,"href":"https:\/\/foodonedge.com\/en\/wp-json\/wp\/v2\/users\/1"}],"replies":[{"embeddable":true,"href":"https:\/\/foodonedge.com\/en\/wp-json\/wp\/v2\/comments?post=2402"}],"version-history":[{"count":2,"href":"https:\/\/foodonedge.com\/en\/wp-json\/wp\/v2\/pages\/2402\/revisions"}],"predecessor-version":[{"id":2460,"href":"https:\/\/foodonedge.com\/en\/wp-json\/wp\/v2\/pages\/2402\/revisions\/2460"}],"up":[{"embeddable":true,"href":"https:\/\/foodonedge.com\/en\/wp-json\/wp\/v2\/pages\/2144"}],"wp:attachment":[{"href":"https:\/\/foodonedge.com\/en\/wp-json\/wp\/v2\/media?parent=2402"}],"curies":[{"name":"wp","href":"https:\/\/api.w.org\/{rel}","templated":true}]}}