{"id":2397,"date":"2023-04-21T14:43:00","date_gmt":"2023-04-21T12:43:00","guid":{"rendered":"https:\/\/foodonedge.com\/?page_id=2397"},"modified":"2023-05-05T11:07:41","modified_gmt":"2023-05-05T09:07:41","slug":"podla-sezony","status":"publish","type":"page","link":"https:\/\/foodonedge.com\/en\/index-receptov\/podla-sezony\/","title":{"rendered":"RECIPES BY SEASON"},"content":{"rendered":"<div class=\"wp-block-columns is-layout-flex wp-container-core-columns-is-layout-9d6595d7 wp-block-columns-is-layout-flex\">\n<div class=\"wp-block-column is-layout-flow wp-block-column-is-layout-flow\">\n<h2 class=\"wp-block-heading has-text-align-center\" style=\"font-size:23px\">SPRING<a href=\"https:\/\/foodonedge.com\/category\/jedlo\/podla-sezony\/jar\/\"><img loading=\"lazy\" decoding=\"async\" width=\"150\" height=\"188\" class=\"wp-image-2421\" style=\"width: 150px;\" src=\"http:\/\/foodonedge.com\/wp-content\/uploads\/2023\/04\/IMG_20190331_124445_396.jpg\" alt=\"\" srcset=\"https:\/\/foodonedge.com\/wp-content\/uploads\/2023\/04\/IMG_20190331_124445_396.jpg 1638w, https:\/\/foodonedge.com\/wp-content\/uploads\/2023\/04\/IMG_20190331_124445_396-240x300.jpg 240w, https:\/\/foodonedge.com\/wp-content\/uploads\/2023\/04\/IMG_20190331_124445_396-819x1024.jpg 819w, https:\/\/foodonedge.com\/wp-content\/uploads\/2023\/04\/IMG_20190331_124445_396-768x960.jpg 768w, https:\/\/foodonedge.com\/wp-content\/uploads\/2023\/04\/IMG_20190331_124445_396-1229x1536.jpg 1229w, https:\/\/foodonedge.com\/wp-content\/uploads\/2023\/04\/IMG_20190331_124445_396-48x60.jpg 48w\" sizes=\"auto, (max-width: 150px) 100vw, 150px\" \/><\/a><\/h2>\n<\/div>\n\n\n\n<div class=\"wp-block-column is-layout-flow wp-block-column-is-layout-flow\">\n<h2 class=\"wp-block-heading has-text-align-center\" style=\"font-size:23px\">SUMMER<a href=\"https:\/\/foodonedge.com\/category\/jedlo\/podla-sezony\/leto\/\"><img loading=\"lazy\" decoding=\"async\" width=\"150\" height=\"200\" class=\"wp-image-2010\" style=\"width: 150px;\" src=\"http:\/\/foodonedge.com\/wp-content\/uploads\/2023\/03\/LRM_20190526_122409.jpg\" alt=\"\" srcset=\"https:\/\/foodonedge.com\/wp-content\/uploads\/2023\/03\/LRM_20190526_122409.jpg 1536w, https:\/\/foodonedge.com\/wp-content\/uploads\/2023\/03\/LRM_20190526_122409-225x300.jpg 225w, https:\/\/foodonedge.com\/wp-content\/uploads\/2023\/03\/LRM_20190526_122409-768x1024.jpg 768w, https:\/\/foodonedge.com\/wp-content\/uploads\/2023\/03\/LRM_20190526_122409-1152x1536.jpg 1152w\" sizes=\"auto, (max-width: 150px) 100vw, 150px\" \/><\/a><\/h2>\n<\/div>\n\n\n\n<div class=\"wp-block-column is-layout-flow wp-block-column-is-layout-flow\">\n<h2 class=\"wp-block-heading has-text-align-center\" style=\"font-size:23px\">FALL<a href=\"https:\/\/foodonedge.com\/category\/jedlo\/podla-sezony\/jesen\/\"><img loading=\"lazy\" decoding=\"async\" width=\"150\" height=\"200\" class=\"wp-image-2422\" style=\"width: 150px;\" src=\"http:\/\/foodonedge.com\/wp-content\/uploads\/2023\/04\/LRM_20220109_142100.jpg\" alt=\"\" srcset=\"https:\/\/foodonedge.com\/wp-content\/uploads\/2023\/04\/LRM_20220109_142100.jpg 1536w, https:\/\/foodonedge.com\/wp-content\/uploads\/2023\/04\/LRM_20220109_142100-225x300.jpg 225w, https:\/\/foodonedge.com\/wp-content\/uploads\/2023\/04\/LRM_20220109_142100-768x1024.jpg 768w, https:\/\/foodonedge.com\/wp-content\/uploads\/2023\/04\/LRM_20220109_142100-1152x1536.jpg 1152w, https:\/\/foodonedge.com\/wp-content\/uploads\/2023\/04\/LRM_20220109_142100-45x60.jpg 45w\" sizes=\"auto, (max-width: 150px) 100vw, 150px\" \/><\/a><\/h2>\n<\/div>\n\n\n\n<div class=\"wp-block-column is-layout-flow wp-block-column-is-layout-flow\">\n<h2 class=\"wp-block-heading has-text-align-center\" style=\"font-size:23px\">WINTER<a href=\"https:\/\/foodonedge.com\/category\/jedlo\/podla-sezony\/zima\/\"><img loading=\"lazy\" decoding=\"async\" width=\"150\" height=\"200\" class=\"wp-image-2014\" style=\"width: 150px;\" src=\"http:\/\/foodonedge.com\/wp-content\/uploads\/2023\/03\/IMG_20211209_160130.jpg\" alt=\"\" srcset=\"https:\/\/foodonedge.com\/wp-content\/uploads\/2023\/03\/IMG_20211209_160130.jpg 1536w, https:\/\/foodonedge.com\/wp-content\/uploads\/2023\/03\/IMG_20211209_160130-225x300.jpg 225w, https:\/\/foodonedge.com\/wp-content\/uploads\/2023\/03\/IMG_20211209_160130-768x1024.jpg 768w, https:\/\/foodonedge.com\/wp-content\/uploads\/2023\/03\/IMG_20211209_160130-1152x1536.jpg 1152w, https:\/\/foodonedge.com\/wp-content\/uploads\/2023\/03\/IMG_20211209_160130-45x60.jpg 45w\" sizes=\"auto, (max-width: 150px) 100vw, 150px\" \/><\/a><\/h2>\n<\/div>\n<\/div>","protected":false},"excerpt":{"rendered":"<p>JAR LETO JESE\u0147 ZIMA<\/p>","protected":false},"author":1,"featured_media":0,"parent":2144,"menu_order":0,"comment_status":"closed","ping_status":"closed","template":"","meta":{"_monsterinsights_skip_tracking":false,"_monsterinsights_sitenote_active":false,"_monsterinsights_sitenote_note":"","_monsterinsights_sitenote_category":0,"footnotes":""},"class_list":["post-2397","page","type-page","status-publish","hentry"],"yoast_head":"<!-- This site is optimized with the Yoast SEO plugin v27.4 - https:\/\/yoast.com\/product\/yoast-seo-wordpress\/ -->\n<title>POD\u013dA SEZ\u00d3NY - FOOD ON EDGE<\/title>\n<meta name=\"robots\" content=\"index, follow, max-snippet:-1, max-image-preview:large, max-video-preview:-1\" \/>\n<link rel=\"canonical\" href=\"https:\/\/foodonedge.com\/en\/index-receptov\/podla-sezony\/\" \/>\n<meta property=\"og:locale\" content=\"en_US\" \/>\n<meta property=\"og:type\" content=\"article\" \/>\n<meta property=\"og:title\" content=\"POD\u013dA SEZ\u00d3NY - FOOD ON EDGE\" \/>\n<meta property=\"og:description\" content=\"JAR LETO JESE\u0147 ZIMA\" \/>\n<meta property=\"og:url\" content=\"https:\/\/foodonedge.com\/en\/index-receptov\/podla-sezony\/\" \/>\n<meta property=\"og:site_name\" content=\"FOOD ON EDGE\" \/>\n<meta property=\"article:modified_time\" content=\"2023-05-05T09:07:41+00:00\" \/>\n<meta property=\"og:image\" content=\"http:\/\/foodonedge.com\/wp-content\/uploads\/2023\/04\/IMG_20190331_124445_396.jpg\" \/>\n<meta name=\"twitter:card\" content=\"summary_large_image\" \/>\n<meta name=\"twitter:label1\" content=\"Est. reading time\" \/>\n\t<meta name=\"twitter:data1\" content=\"1 minute\" \/>\n<script type=\"application\/ld+json\" class=\"yoast-schema-graph\">{\"@context\":\"https:\\\/\\\/schema.org\",\"@graph\":[{\"@type\":\"WebPage\",\"@id\":\"https:\\\/\\\/foodonedge.com\\\/index-receptov\\\/podla-sezony\\\/\",\"url\":\"https:\\\/\\\/foodonedge.com\\\/index-receptov\\\/podla-sezony\\\/\",\"name\":\"POD\u013dA SEZ\u00d3NY - FOOD ON EDGE\",\"isPartOf\":{\"@id\":\"https:\\\/\\\/foodonedge.com\\\/#website\"},\"primaryImageOfPage\":{\"@id\":\"https:\\\/\\\/foodonedge.com\\\/index-receptov\\\/podla-sezony\\\/#primaryimage\"},\"image\":{\"@id\":\"https:\\\/\\\/foodonedge.com\\\/index-receptov\\\/podla-sezony\\\/#primaryimage\"},\"thumbnailUrl\":\"http:\\\/\\\/foodonedge.com\\\/wp-content\\\/uploads\\\/2023\\\/04\\\/IMG_20190331_124445_396.jpg\",\"datePublished\":\"2023-04-21T12:43:00+00:00\",\"dateModified\":\"2023-05-05T09:07:41+00:00\",\"breadcrumb\":{\"@id\":\"https:\\\/\\\/foodonedge.com\\\/index-receptov\\\/podla-sezony\\\/#breadcrumb\"},\"inLanguage\":\"en-US\",\"potentialAction\":[{\"@type\":\"ReadAction\",\"target\":[\"https:\\\/\\\/foodonedge.com\\\/index-receptov\\\/podla-sezony\\\/\"]}]},{\"@type\":\"ImageObject\",\"inLanguage\":\"en-US\",\"@id\":\"https:\\\/\\\/foodonedge.com\\\/index-receptov\\\/podla-sezony\\\/#primaryimage\",\"url\":\"http:\\\/\\\/foodonedge.com\\\/wp-content\\\/uploads\\\/2023\\\/04\\\/IMG_20190331_124445_396.jpg\",\"contentUrl\":\"http:\\\/\\\/foodonedge.com\\\/wp-content\\\/uploads\\\/2023\\\/04\\\/IMG_20190331_124445_396.jpg\"},{\"@type\":\"BreadcrumbList\",\"@id\":\"https:\\\/\\\/foodonedge.com\\\/index-receptov\\\/podla-sezony\\\/#breadcrumb\",\"itemListElement\":[{\"@type\":\"ListItem\",\"position\":1,\"name\":\"Domovsk\u00e1 str\u00e1nka\",\"item\":\"https:\\\/\\\/foodonedge.com\\\/\"},{\"@type\":\"ListItem\",\"position\":2,\"name\":\"ZOZNAM RECEPTOV\",\"item\":\"https:\\\/\\\/foodonedge.com\\\/en\\\/index-receptov\\\/\"},{\"@type\":\"ListItem\",\"position\":3,\"name\":\"POD\u013dA SEZ\u00d3NY\"}]},{\"@type\":\"WebSite\",\"@id\":\"https:\\\/\\\/foodonedge.com\\\/#website\",\"url\":\"https:\\\/\\\/foodonedge.com\\\/\",\"name\":\"FOOD ON EDGE\",\"description\":\"\",\"potentialAction\":[{\"@type\":\"SearchAction\",\"target\":{\"@type\":\"EntryPoint\",\"urlTemplate\":\"https:\\\/\\\/foodonedge.com\\\/?s={search_term_string}\"},\"query-input\":{\"@type\":\"PropertyValueSpecification\",\"valueRequired\":true,\"valueName\":\"search_term_string\"}}],\"inLanguage\":\"en-US\"}]}<\/script>\n<!-- \/ Yoast SEO plugin. -->","yoast_head_json":{"title":"POD\u013dA SEZ\u00d3NY - FOOD ON EDGE","robots":{"index":"index","follow":"follow","max-snippet":"max-snippet:-1","max-image-preview":"max-image-preview:large","max-video-preview":"max-video-preview:-1"},"canonical":"https:\/\/foodonedge.com\/en\/index-receptov\/podla-sezony\/","og_locale":"en_US","og_type":"article","og_title":"POD\u013dA SEZ\u00d3NY - FOOD ON EDGE","og_description":"JAR LETO JESE\u0147 ZIMA","og_url":"https:\/\/foodonedge.com\/en\/index-receptov\/podla-sezony\/","og_site_name":"FOOD ON EDGE","article_modified_time":"2023-05-05T09:07:41+00:00","og_image":[{"url":"http:\/\/foodonedge.com\/wp-content\/uploads\/2023\/04\/IMG_20190331_124445_396.jpg","type":"","width":"","height":""}],"twitter_card":"summary_large_image","twitter_misc":{"Est. reading time":"1 minute"},"schema":{"@context":"https:\/\/schema.org","@graph":[{"@type":"WebPage","@id":"https:\/\/foodonedge.com\/index-receptov\/podla-sezony\/","url":"https:\/\/foodonedge.com\/index-receptov\/podla-sezony\/","name":"POD\u013dA SEZ\u00d3NY - FOOD ON EDGE","isPartOf":{"@id":"https:\/\/foodonedge.com\/#website"},"primaryImageOfPage":{"@id":"https:\/\/foodonedge.com\/index-receptov\/podla-sezony\/#primaryimage"},"image":{"@id":"https:\/\/foodonedge.com\/index-receptov\/podla-sezony\/#primaryimage"},"thumbnailUrl":"http:\/\/foodonedge.com\/wp-content\/uploads\/2023\/04\/IMG_20190331_124445_396.jpg","datePublished":"2023-04-21T12:43:00+00:00","dateModified":"2023-05-05T09:07:41+00:00","breadcrumb":{"@id":"https:\/\/foodonedge.com\/index-receptov\/podla-sezony\/#breadcrumb"},"inLanguage":"en-US","potentialAction":[{"@type":"ReadAction","target":["https:\/\/foodonedge.com\/index-receptov\/podla-sezony\/"]}]},{"@type":"ImageObject","inLanguage":"en-US","@id":"https:\/\/foodonedge.com\/index-receptov\/podla-sezony\/#primaryimage","url":"http:\/\/foodonedge.com\/wp-content\/uploads\/2023\/04\/IMG_20190331_124445_396.jpg","contentUrl":"http:\/\/foodonedge.com\/wp-content\/uploads\/2023\/04\/IMG_20190331_124445_396.jpg"},{"@type":"BreadcrumbList","@id":"https:\/\/foodonedge.com\/index-receptov\/podla-sezony\/#breadcrumb","itemListElement":[{"@type":"ListItem","position":1,"name":"Domovsk\u00e1 str\u00e1nka","item":"https:\/\/foodonedge.com\/"},{"@type":"ListItem","position":2,"name":"ZOZNAM RECEPTOV","item":"https:\/\/foodonedge.com\/en\/index-receptov\/"},{"@type":"ListItem","position":3,"name":"POD\u013dA SEZ\u00d3NY"}]},{"@type":"WebSite","@id":"https:\/\/foodonedge.com\/#website","url":"https:\/\/foodonedge.com\/","name":"FOOD ON EDGE","description":"","potentialAction":[{"@type":"SearchAction","target":{"@type":"EntryPoint","urlTemplate":"https:\/\/foodonedge.com\/?s={search_term_string}"},"query-input":{"@type":"PropertyValueSpecification","valueRequired":true,"valueName":"search_term_string"}}],"inLanguage":"en-US"}]}},"_links":{"self":[{"href":"https:\/\/foodonedge.com\/en\/wp-json\/wp\/v2\/pages\/2397","targetHints":{"allow":["GET"]}}],"collection":[{"href":"https:\/\/foodonedge.com\/en\/wp-json\/wp\/v2\/pages"}],"about":[{"href":"https:\/\/foodonedge.com\/en\/wp-json\/wp\/v2\/types\/page"}],"author":[{"embeddable":true,"href":"https:\/\/foodonedge.com\/en\/wp-json\/wp\/v2\/users\/1"}],"replies":[{"embeddable":true,"href":"https:\/\/foodonedge.com\/en\/wp-json\/wp\/v2\/comments?post=2397"}],"version-history":[{"count":3,"href":"https:\/\/foodonedge.com\/en\/wp-json\/wp\/v2\/pages\/2397\/revisions"}],"predecessor-version":[{"id":2650,"href":"https:\/\/foodonedge.com\/en\/wp-json\/wp\/v2\/pages\/2397\/revisions\/2650"}],"up":[{"embeddable":true,"href":"https:\/\/foodonedge.com\/en\/wp-json\/wp\/v2\/pages\/2144"}],"wp:attachment":[{"href":"https:\/\/foodonedge.com\/en\/wp-json\/wp\/v2\/media?parent=2397"}],"curies":[{"name":"wp","href":"https:\/\/api.w.org\/{rel}","templated":true}]}}