{"id":2244,"date":"2023-04-18T23:20:08","date_gmt":"2023-04-18T21:20:08","guid":{"rendered":"https:\/\/foodonedge.com\/?page_id=2244"},"modified":"2023-05-05T16:01:29","modified_gmt":"2023-05-05T14:01:29","slug":"podla-ingrediencie","status":"publish","type":"page","link":"https:\/\/foodonedge.com\/en\/index-receptov\/podla-ingrediencie\/","title":{"rendered":"RECIPES BY INGREDIENT"},"content":{"rendered":"<div class=\"wp-block-columns is-layout-flex wp-container-core-columns-is-layout-9d6595d7 wp-block-columns-is-layout-flex\">\n<div class=\"wp-block-column is-layout-flow wp-block-column-is-layout-flow\">\n<h2 class=\"wp-block-heading has-text-align-center\" style=\"font-size:23px\">PASTA<a href=\"https:\/\/foodonedge.com\/category\/jedlo\/podla-ingrediencie\/cestoviny\/\"><img loading=\"lazy\" decoding=\"async\" width=\"150\" height=\"200\" class=\"wp-image-1390\" style=\"width: 150px;\" src=\"http:\/\/foodonedge.com\/wp-content\/uploads\/2023\/01\/LRM_20220812_130015-4.jpg\" alt=\"\" srcset=\"https:\/\/foodonedge.com\/wp-content\/uploads\/2023\/01\/LRM_20220812_130015-4.jpg 1536w, https:\/\/foodonedge.com\/wp-content\/uploads\/2023\/01\/LRM_20220812_130015-4-225x300.jpg 225w, https:\/\/foodonedge.com\/wp-content\/uploads\/2023\/01\/LRM_20220812_130015-4-768x1024.jpg 768w, https:\/\/foodonedge.com\/wp-content\/uploads\/2023\/01\/LRM_20220812_130015-4-1152x1536.jpg 1152w\" sizes=\"auto, (max-width: 150px) 100vw, 150px\" \/><\/a><\/h2>\n<\/div>\n\n\n\n<div class=\"wp-block-column is-layout-flow wp-block-column-is-layout-flow\">\n<h2 class=\"wp-block-heading has-text-align-center\" style=\"font-size:23px\">CHOCOLATE<a href=\"https:\/\/foodonedge.com\/category\/jedlo\/podla-ingrediencie\/cokolada\/\"><img loading=\"lazy\" decoding=\"async\" width=\"150\" height=\"202\" class=\"wp-image-1958\" style=\"width: 150px;\" src=\"http:\/\/foodonedge.com\/wp-content\/uploads\/2023\/03\/Snimka-2.jpg\" alt=\"\" srcset=\"https:\/\/foodonedge.com\/wp-content\/uploads\/2023\/03\/Snimka-2.jpg 1523w, https:\/\/foodonedge.com\/wp-content\/uploads\/2023\/03\/Snimka-2-223x300.jpg 223w, https:\/\/foodonedge.com\/wp-content\/uploads\/2023\/03\/Snimka-2-762x1024.jpg 762w, https:\/\/foodonedge.com\/wp-content\/uploads\/2023\/03\/Snimka-2-768x1033.jpg 768w, https:\/\/foodonedge.com\/wp-content\/uploads\/2023\/03\/Snimka-2-1142x1536.jpg 1142w\" sizes=\"auto, (max-width: 150px) 100vw, 150px\" \/><\/a><\/h2>\n<\/div>\n\n\n\n<div class=\"wp-block-column is-layout-flow wp-block-column-is-layout-flow\">\n<h2 class=\"wp-block-heading has-text-align-center\" style=\"font-size:23px\">MUSHROOM<img loading=\"lazy\" decoding=\"async\" width=\"150\" height=\"200\" class=\"wp-image-2424\" style=\"width: 150px;\" src=\"http:\/\/foodonedge.com\/wp-content\/uploads\/2023\/04\/LRM_20210223_132305.jpg\" alt=\"\" srcset=\"https:\/\/foodonedge.com\/wp-content\/uploads\/2023\/04\/LRM_20210223_132305.jpg 1536w, https:\/\/foodonedge.com\/wp-content\/uploads\/2023\/04\/LRM_20210223_132305-225x300.jpg 225w, https:\/\/foodonedge.com\/wp-content\/uploads\/2023\/04\/LRM_20210223_132305-768x1024.jpg 768w, https:\/\/foodonedge.com\/wp-content\/uploads\/2023\/04\/LRM_20210223_132305-1152x1536.jpg 1152w, https:\/\/foodonedge.com\/wp-content\/uploads\/2023\/04\/LRM_20210223_132305-45x60.jpg 45w\" sizes=\"auto, (max-width: 150px) 100vw, 150px\" \/><\/h2>\n<\/div>\n\n\n\n<div class=\"wp-block-column is-layout-flow wp-block-column-is-layout-flow\">\n<h2 class=\"wp-block-heading has-text-align-center\" style=\"font-size:23px\">IN\u00c9 OBILNINY STRUKOVINY<a href=\"https:\/\/foodonedge.com\/category\/jedlo\/podla-ingrediencie\/ine-obilniny-a-strukoviny\/\"><img loading=\"lazy\" decoding=\"async\" width=\"150\" height=\"200\" class=\"wp-image-1369\" style=\"width: 150px;\" src=\"http:\/\/foodonedge.com\/wp-content\/uploads\/2023\/01\/LRM_20220803_092044-2.jpg\" alt=\"\" srcset=\"https:\/\/foodonedge.com\/wp-content\/uploads\/2023\/01\/LRM_20220803_092044-2.jpg 1536w, https:\/\/foodonedge.com\/wp-content\/uploads\/2023\/01\/LRM_20220803_092044-2-225x300.jpg 225w, https:\/\/foodonedge.com\/wp-content\/uploads\/2023\/01\/LRM_20220803_092044-2-768x1024.jpg 768w, https:\/\/foodonedge.com\/wp-content\/uploads\/2023\/01\/LRM_20220803_092044-2-1152x1536.jpg 1152w\" sizes=\"auto, (max-width: 150px) 100vw, 150px\" \/><\/a><\/h2>\n<\/div>\n<\/div>\n\n\n\n<div class=\"wp-block-columns is-layout-flex wp-container-core-columns-is-layout-9d6595d7 wp-block-columns-is-layout-flex\">\n<div class=\"wp-block-column is-layout-flow wp-block-column-is-layout-flow\">\n<h2 class=\"wp-block-heading has-text-align-center\" style=\"font-size:23px;text-transform:uppercase\">MEAT<a href=\"https:\/\/foodonedge.com\/category\/jedlo\/podla-ingrediencie\/maso\/\"><img loading=\"lazy\" decoding=\"async\" width=\"150\" height=\"200\" class=\"wp-image-1352\" style=\"width: 150px;\" src=\"http:\/\/foodonedge.com\/wp-content\/uploads\/2023\/01\/LRM_20220718_182728-2.jpg\" alt=\"\" srcset=\"https:\/\/foodonedge.com\/wp-content\/uploads\/2023\/01\/LRM_20220718_182728-2.jpg 1536w, https:\/\/foodonedge.com\/wp-content\/uploads\/2023\/01\/LRM_20220718_182728-2-225x300.jpg 225w, https:\/\/foodonedge.com\/wp-content\/uploads\/2023\/01\/LRM_20220718_182728-2-768x1024.jpg 768w, https:\/\/foodonedge.com\/wp-content\/uploads\/2023\/01\/LRM_20220718_182728-2-1152x1536.jpg 1152w\" sizes=\"auto, (max-width: 150px) 100vw, 150px\" \/><\/a><\/h2>\n<\/div>\n\n\n\n<div class=\"wp-block-column is-layout-flow wp-block-column-is-layout-flow\">\n<h2 class=\"wp-block-heading has-text-align-center\" style=\"font-size:23px\">DAIRY<a href=\"https:\/\/foodonedge.com\/category\/jedlo\/podla-ingrediencie\/mliecne-vyrobky\/\"><img loading=\"lazy\" decoding=\"async\" width=\"150\" height=\"200\" class=\"wp-image-2220\" style=\"width: 150px;\" src=\"http:\/\/foodonedge.com\/wp-content\/uploads\/2023\/04\/LRM_20230310_135450.jpg\" alt=\"\" srcset=\"https:\/\/foodonedge.com\/wp-content\/uploads\/2023\/04\/LRM_20230310_135450.jpg 1536w, https:\/\/foodonedge.com\/wp-content\/uploads\/2023\/04\/LRM_20230310_135450-225x300.jpg 225w, https:\/\/foodonedge.com\/wp-content\/uploads\/2023\/04\/LRM_20230310_135450-768x1024.jpg 768w, https:\/\/foodonedge.com\/wp-content\/uploads\/2023\/04\/LRM_20230310_135450-1152x1536.jpg 1152w, https:\/\/foodonedge.com\/wp-content\/uploads\/2023\/04\/LRM_20230310_135450-45x60.jpg 45w\" sizes=\"auto, (max-width: 150px) 100vw, 150px\" \/><\/a><\/h2>\n<\/div>\n\n\n\n<div class=\"wp-block-column is-layout-flow wp-block-column-is-layout-flow\">\n<h2 class=\"wp-block-heading has-text-align-center\" style=\"font-size:23px\">FRUIT<a href=\"https:\/\/foodonedge.com\/category\/jedlo\/podla-ingrediencie\/ovocie\/\"><img loading=\"lazy\" decoding=\"async\" width=\"150\" height=\"200\" class=\"wp-image-2426\" style=\"width: 150px;\" src=\"http:\/\/foodonedge.com\/wp-content\/uploads\/2023\/04\/LRM_20210702_170843.jpg\" alt=\"\" srcset=\"https:\/\/foodonedge.com\/wp-content\/uploads\/2023\/04\/LRM_20210702_170843.jpg 1536w, https:\/\/foodonedge.com\/wp-content\/uploads\/2023\/04\/LRM_20210702_170843-225x300.jpg 225w, https:\/\/foodonedge.com\/wp-content\/uploads\/2023\/04\/LRM_20210702_170843-768x1024.jpg 768w, https:\/\/foodonedge.com\/wp-content\/uploads\/2023\/04\/LRM_20210702_170843-1152x1536.jpg 1152w, https:\/\/foodonedge.com\/wp-content\/uploads\/2023\/04\/LRM_20210702_170843-45x60.jpg 45w\" sizes=\"auto, (max-width: 150px) 100vw, 150px\" \/><\/a><\/h2>\n<\/div>\n\n\n\n<div class=\"wp-block-column is-layout-flow wp-block-column-is-layout-flow\">\n<h2 class=\"wp-block-heading has-text-align-center\" style=\"font-size:23px\">FISH AND SEAFOOD<a href=\"https:\/\/foodonedge.com\/category\/jedlo\/podla-ingrediencie\/ryby-a-morske-plody\/\"><img loading=\"lazy\" decoding=\"async\" width=\"150\" height=\"200\" class=\"wp-image-1435\" style=\"width: 150px;\" src=\"http:\/\/foodonedge.com\/wp-content\/uploads\/2023\/01\/LRM_20221029_133941-4.jpg\" alt=\"\" srcset=\"https:\/\/foodonedge.com\/wp-content\/uploads\/2023\/01\/LRM_20221029_133941-4.jpg 1536w, https:\/\/foodonedge.com\/wp-content\/uploads\/2023\/01\/LRM_20221029_133941-4-225x300.jpg 225w, https:\/\/foodonedge.com\/wp-content\/uploads\/2023\/01\/LRM_20221029_133941-4-768x1024.jpg 768w, https:\/\/foodonedge.com\/wp-content\/uploads\/2023\/01\/LRM_20221029_133941-4-1152x1536.jpg 1152w\" sizes=\"auto, (max-width: 150px) 100vw, 150px\" \/><\/a><\/h2>\n<\/div>\n<\/div>\n\n\n\n<div class=\"wp-block-columns is-layout-flex wp-container-core-columns-is-layout-9d6595d7 wp-block-columns-is-layout-flex\">\n<div class=\"wp-block-column is-layout-flow wp-block-column-is-layout-flow\">\n<h2 class=\"wp-block-heading has-text-align-center\" style=\"font-size:23px\">RICE<a href=\"https:\/\/foodonedge.com\/category\/jedlo\/podla-ingrediencie\/ryza\/\"><img loading=\"lazy\" decoding=\"async\" width=\"150\" height=\"200\" class=\"wp-image-1951\" style=\"width: 150px;\" src=\"http:\/\/foodonedge.com\/wp-content\/uploads\/2023\/03\/LRM_20210511_092411-1.jpg\" alt=\"\" srcset=\"https:\/\/foodonedge.com\/wp-content\/uploads\/2023\/03\/LRM_20210511_092411-1.jpg 1536w, https:\/\/foodonedge.com\/wp-content\/uploads\/2023\/03\/LRM_20210511_092411-1-225x300.jpg 225w, https:\/\/foodonedge.com\/wp-content\/uploads\/2023\/03\/LRM_20210511_092411-1-768x1024.jpg 768w, https:\/\/foodonedge.com\/wp-content\/uploads\/2023\/03\/LRM_20210511_092411-1-1152x1536.jpg 1152w\" sizes=\"auto, (max-width: 150px) 100vw, 150px\" \/><\/a><\/h2>\n<\/div>\n\n\n\n<div class=\"wp-block-column is-layout-flow wp-block-column-is-layout-flow\">\n<h2 class=\"wp-block-heading has-text-align-center\" style=\"font-size:23px\">EGGS<a href=\"https:\/\/foodonedge.com\/category\/jedlo\/podla-ingrediencie\/vajcia\/\"><img loading=\"lazy\" decoding=\"async\" width=\"150\" height=\"200\" class=\"wp-image-2228\" style=\"width: 150px;\" src=\"http:\/\/foodonedge.com\/wp-content\/uploads\/2023\/04\/LRM_20230416_111133.jpg\" alt=\"\" srcset=\"https:\/\/foodonedge.com\/wp-content\/uploads\/2023\/04\/LRM_20230416_111133.jpg 1536w, https:\/\/foodonedge.com\/wp-content\/uploads\/2023\/04\/LRM_20230416_111133-225x300.jpg 225w, https:\/\/foodonedge.com\/wp-content\/uploads\/2023\/04\/LRM_20230416_111133-768x1024.jpg 768w, https:\/\/foodonedge.com\/wp-content\/uploads\/2023\/04\/LRM_20230416_111133-1152x1536.jpg 1152w, https:\/\/foodonedge.com\/wp-content\/uploads\/2023\/04\/LRM_20230416_111133-45x60.jpg 45w\" sizes=\"auto, (max-width: 150px) 100vw, 150px\" \/><\/a><\/h2>\n<\/div>\n\n\n\n<div class=\"wp-block-column is-layout-flow wp-block-column-is-layout-flow\">\n<h2 class=\"wp-block-heading has-text-align-center\" style=\"font-size:23px\">VEGGIE<a href=\"https:\/\/foodonedge.com\/category\/jedlo\/podla-ingrediencie\/zelenina\/\"><img loading=\"lazy\" decoding=\"async\" width=\"150\" height=\"200\" class=\"wp-image-1419\" style=\"width: 150px;\" src=\"http:\/\/foodonedge.com\/wp-content\/uploads\/2023\/02\/LRM_20220917_122007-2.jpg\" alt=\"\" srcset=\"https:\/\/foodonedge.com\/wp-content\/uploads\/2023\/02\/LRM_20220917_122007-2.jpg 1536w, https:\/\/foodonedge.com\/wp-content\/uploads\/2023\/02\/LRM_20220917_122007-2-225x300.jpg 225w, https:\/\/foodonedge.com\/wp-content\/uploads\/2023\/02\/LRM_20220917_122007-2-768x1024.jpg 768w, https:\/\/foodonedge.com\/wp-content\/uploads\/2023\/02\/LRM_20220917_122007-2-1152x1536.jpg 1152w\" sizes=\"auto, (max-width: 150px) 100vw, 150px\" \/><\/a><\/h2>\n<\/div>\n\n\n\n<div class=\"wp-block-column is-layout-flow wp-block-column-is-layout-flow\">\n<h2 class=\"wp-block-heading has-text-align-center\" style=\"font-size:23px\">POTATOES<a href=\"https:\/\/foodonedge.com\/category\/jedlo\/podla-ingrediencie\/zemiaky\/\"><img loading=\"lazy\" decoding=\"async\" width=\"150\" height=\"200\" class=\"wp-image-2219\" style=\"width: 150px;\" src=\"http:\/\/foodonedge.com\/wp-content\/uploads\/2023\/04\/LRM_20190714_141913.jpg\" alt=\"\" srcset=\"https:\/\/foodonedge.com\/wp-content\/uploads\/2023\/04\/LRM_20190714_141913.jpg 1536w, https:\/\/foodonedge.com\/wp-content\/uploads\/2023\/04\/LRM_20190714_141913-225x300.jpg 225w, https:\/\/foodonedge.com\/wp-content\/uploads\/2023\/04\/LRM_20190714_141913-768x1024.jpg 768w, https:\/\/foodonedge.com\/wp-content\/uploads\/2023\/04\/LRM_20190714_141913-1152x1536.jpg 1152w, https:\/\/foodonedge.com\/wp-content\/uploads\/2023\/04\/LRM_20190714_141913-45x60.jpg 45w\" sizes=\"auto, (max-width: 150px) 100vw, 150px\" \/><\/a><\/h2>\n<\/div>\n<\/div>","protected":false},"excerpt":{"rendered":"<p>CESTOVINY \u010cOKOL\u00c1DA HR\u00cdBY IN\u00c9 OBILNINY STRUKOVINY M\u00e4SO MLIE\u010cNE V\u00ddROBKY OVOCIE RYBY A MORSK\u00c9 PLODY RY\u017dA VAJCIA ZELENINA ZEMIAKY<\/p>","protected":false},"author":1,"featured_media":0,"parent":2144,"menu_order":0,"comment_status":"closed","ping_status":"closed","template":"","meta":{"_monsterinsights_skip_tracking":false,"_monsterinsights_sitenote_active":false,"_monsterinsights_sitenote_note":"","_monsterinsights_sitenote_category":0,"footnotes":""},"class_list":["post-2244","page","type-page","status-publish","hentry"],"yoast_head":"<!-- This site is optimized with the Yoast SEO plugin v27.4 - https:\/\/yoast.com\/product\/yoast-seo-wordpress\/ -->\n<title>POD\u013dA INGREDIENCIE - FOOD ON EDGE<\/title>\n<meta name=\"robots\" content=\"index, follow, max-snippet:-1, max-image-preview:large, max-video-preview:-1\" \/>\n<link rel=\"canonical\" href=\"https:\/\/foodonedge.com\/en\/index-receptov\/podla-ingrediencie\/\" \/>\n<meta property=\"og:locale\" content=\"en_US\" \/>\n<meta property=\"og:type\" content=\"article\" \/>\n<meta property=\"og:title\" content=\"POD\u013dA INGREDIENCIE - FOOD ON EDGE\" \/>\n<meta property=\"og:description\" content=\"CESTOVINY \u010cOKOL\u00c1DA HR\u00cdBY IN\u00c9 OBILNINY STRUKOVINY M\u00e4SO MLIE\u010cNE V\u00ddROBKY OVOCIE RYBY A MORSK\u00c9 PLODY RY\u017dA VAJCIA ZELENINA ZEMIAKY\" \/>\n<meta property=\"og:url\" content=\"https:\/\/foodonedge.com\/en\/index-receptov\/podla-ingrediencie\/\" \/>\n<meta property=\"og:site_name\" content=\"FOOD ON EDGE\" \/>\n<meta property=\"article:modified_time\" content=\"2023-05-05T14:01:29+00:00\" \/>\n<meta property=\"og:image\" content=\"http:\/\/foodonedge.com\/wp-content\/uploads\/2023\/01\/LRM_20220812_130015-4.jpg\" \/>\n<meta name=\"twitter:card\" content=\"summary_large_image\" \/>\n<meta name=\"twitter:label1\" content=\"Est. reading time\" \/>\n\t<meta name=\"twitter:data1\" content=\"3 minutes\" \/>\n<script type=\"application\/ld+json\" class=\"yoast-schema-graph\">{\"@context\":\"https:\\\/\\\/schema.org\",\"@graph\":[{\"@type\":\"WebPage\",\"@id\":\"https:\\\/\\\/foodonedge.com\\\/index-receptov\\\/podla-ingrediencie\\\/\",\"url\":\"https:\\\/\\\/foodonedge.com\\\/index-receptov\\\/podla-ingrediencie\\\/\",\"name\":\"POD\u013dA INGREDIENCIE - FOOD ON EDGE\",\"isPartOf\":{\"@id\":\"https:\\\/\\\/foodonedge.com\\\/#website\"},\"primaryImageOfPage\":{\"@id\":\"https:\\\/\\\/foodonedge.com\\\/index-receptov\\\/podla-ingrediencie\\\/#primaryimage\"},\"image\":{\"@id\":\"https:\\\/\\\/foodonedge.com\\\/index-receptov\\\/podla-ingrediencie\\\/#primaryimage\"},\"thumbnailUrl\":\"http:\\\/\\\/foodonedge.com\\\/wp-content\\\/uploads\\\/2023\\\/01\\\/LRM_20220812_130015-4.jpg\",\"datePublished\":\"2023-04-18T21:20:08+00:00\",\"dateModified\":\"2023-05-05T14:01:29+00:00\",\"breadcrumb\":{\"@id\":\"https:\\\/\\\/foodonedge.com\\\/index-receptov\\\/podla-ingrediencie\\\/#breadcrumb\"},\"inLanguage\":\"en-US\",\"potentialAction\":[{\"@type\":\"ReadAction\",\"target\":[\"https:\\\/\\\/foodonedge.com\\\/index-receptov\\\/podla-ingrediencie\\\/\"]}]},{\"@type\":\"ImageObject\",\"inLanguage\":\"en-US\",\"@id\":\"https:\\\/\\\/foodonedge.com\\\/index-receptov\\\/podla-ingrediencie\\\/#primaryimage\",\"url\":\"http:\\\/\\\/foodonedge.com\\\/wp-content\\\/uploads\\\/2023\\\/01\\\/LRM_20220812_130015-4.jpg\",\"contentUrl\":\"http:\\\/\\\/foodonedge.com\\\/wp-content\\\/uploads\\\/2023\\\/01\\\/LRM_20220812_130015-4.jpg\"},{\"@type\":\"BreadcrumbList\",\"@id\":\"https:\\\/\\\/foodonedge.com\\\/index-receptov\\\/podla-ingrediencie\\\/#breadcrumb\",\"itemListElement\":[{\"@type\":\"ListItem\",\"position\":1,\"name\":\"Domovsk\u00e1 str\u00e1nka\",\"item\":\"https:\\\/\\\/foodonedge.com\\\/\"},{\"@type\":\"ListItem\",\"position\":2,\"name\":\"ZOZNAM RECEPTOV\",\"item\":\"https:\\\/\\\/foodonedge.com\\\/en\\\/index-receptov\\\/\"},{\"@type\":\"ListItem\",\"position\":3,\"name\":\"POD\u013dA INGREDIENCIE\"}]},{\"@type\":\"WebSite\",\"@id\":\"https:\\\/\\\/foodonedge.com\\\/#website\",\"url\":\"https:\\\/\\\/foodonedge.com\\\/\",\"name\":\"FOOD ON EDGE\",\"description\":\"\",\"potentialAction\":[{\"@type\":\"SearchAction\",\"target\":{\"@type\":\"EntryPoint\",\"urlTemplate\":\"https:\\\/\\\/foodonedge.com\\\/?s={search_term_string}\"},\"query-input\":{\"@type\":\"PropertyValueSpecification\",\"valueRequired\":true,\"valueName\":\"search_term_string\"}}],\"inLanguage\":\"en-US\"}]}<\/script>\n<!-- \/ Yoast SEO plugin. -->","yoast_head_json":{"title":"POD\u013dA INGREDIENCIE - FOOD ON EDGE","robots":{"index":"index","follow":"follow","max-snippet":"max-snippet:-1","max-image-preview":"max-image-preview:large","max-video-preview":"max-video-preview:-1"},"canonical":"https:\/\/foodonedge.com\/en\/index-receptov\/podla-ingrediencie\/","og_locale":"en_US","og_type":"article","og_title":"POD\u013dA INGREDIENCIE - FOOD ON EDGE","og_description":"CESTOVINY \u010cOKOL\u00c1DA HR\u00cdBY IN\u00c9 OBILNINY STRUKOVINY M\u00e4SO MLIE\u010cNE V\u00ddROBKY OVOCIE RYBY A MORSK\u00c9 PLODY RY\u017dA VAJCIA ZELENINA ZEMIAKY","og_url":"https:\/\/foodonedge.com\/en\/index-receptov\/podla-ingrediencie\/","og_site_name":"FOOD ON EDGE","article_modified_time":"2023-05-05T14:01:29+00:00","og_image":[{"url":"http:\/\/foodonedge.com\/wp-content\/uploads\/2023\/01\/LRM_20220812_130015-4.jpg","type":"","width":"","height":""}],"twitter_card":"summary_large_image","twitter_misc":{"Est. reading time":"3 minutes"},"schema":{"@context":"https:\/\/schema.org","@graph":[{"@type":"WebPage","@id":"https:\/\/foodonedge.com\/index-receptov\/podla-ingrediencie\/","url":"https:\/\/foodonedge.com\/index-receptov\/podla-ingrediencie\/","name":"POD\u013dA INGREDIENCIE - FOOD ON EDGE","isPartOf":{"@id":"https:\/\/foodonedge.com\/#website"},"primaryImageOfPage":{"@id":"https:\/\/foodonedge.com\/index-receptov\/podla-ingrediencie\/#primaryimage"},"image":{"@id":"https:\/\/foodonedge.com\/index-receptov\/podla-ingrediencie\/#primaryimage"},"thumbnailUrl":"http:\/\/foodonedge.com\/wp-content\/uploads\/2023\/01\/LRM_20220812_130015-4.jpg","datePublished":"2023-04-18T21:20:08+00:00","dateModified":"2023-05-05T14:01:29+00:00","breadcrumb":{"@id":"https:\/\/foodonedge.com\/index-receptov\/podla-ingrediencie\/#breadcrumb"},"inLanguage":"en-US","potentialAction":[{"@type":"ReadAction","target":["https:\/\/foodonedge.com\/index-receptov\/podla-ingrediencie\/"]}]},{"@type":"ImageObject","inLanguage":"en-US","@id":"https:\/\/foodonedge.com\/index-receptov\/podla-ingrediencie\/#primaryimage","url":"http:\/\/foodonedge.com\/wp-content\/uploads\/2023\/01\/LRM_20220812_130015-4.jpg","contentUrl":"http:\/\/foodonedge.com\/wp-content\/uploads\/2023\/01\/LRM_20220812_130015-4.jpg"},{"@type":"BreadcrumbList","@id":"https:\/\/foodonedge.com\/index-receptov\/podla-ingrediencie\/#breadcrumb","itemListElement":[{"@type":"ListItem","position":1,"name":"Domovsk\u00e1 str\u00e1nka","item":"https:\/\/foodonedge.com\/"},{"@type":"ListItem","position":2,"name":"ZOZNAM RECEPTOV","item":"https:\/\/foodonedge.com\/en\/index-receptov\/"},{"@type":"ListItem","position":3,"name":"POD\u013dA INGREDIENCIE"}]},{"@type":"WebSite","@id":"https:\/\/foodonedge.com\/#website","url":"https:\/\/foodonedge.com\/","name":"FOOD ON EDGE","description":"","potentialAction":[{"@type":"SearchAction","target":{"@type":"EntryPoint","urlTemplate":"https:\/\/foodonedge.com\/?s={search_term_string}"},"query-input":{"@type":"PropertyValueSpecification","valueRequired":true,"valueName":"search_term_string"}}],"inLanguage":"en-US"}]}},"_links":{"self":[{"href":"https:\/\/foodonedge.com\/en\/wp-json\/wp\/v2\/pages\/2244","targetHints":{"allow":["GET"]}}],"collection":[{"href":"https:\/\/foodonedge.com\/en\/wp-json\/wp\/v2\/pages"}],"about":[{"href":"https:\/\/foodonedge.com\/en\/wp-json\/wp\/v2\/types\/page"}],"author":[{"embeddable":true,"href":"https:\/\/foodonedge.com\/en\/wp-json\/wp\/v2\/users\/1"}],"replies":[{"embeddable":true,"href":"https:\/\/foodonedge.com\/en\/wp-json\/wp\/v2\/comments?post=2244"}],"version-history":[{"count":3,"href":"https:\/\/foodonedge.com\/en\/wp-json\/wp\/v2\/pages\/2244\/revisions"}],"predecessor-version":[{"id":2675,"href":"https:\/\/foodonedge.com\/en\/wp-json\/wp\/v2\/pages\/2244\/revisions\/2675"}],"up":[{"embeddable":true,"href":"https:\/\/foodonedge.com\/en\/wp-json\/wp\/v2\/pages\/2144"}],"wp:attachment":[{"href":"https:\/\/foodonedge.com\/en\/wp-json\/wp\/v2\/media?parent=2244"}],"curies":[{"name":"wp","href":"https:\/\/api.w.org\/{rel}","templated":true}]}}