{"id":2242,"date":"2023-04-18T23:14:18","date_gmt":"2023-04-18T21:14:18","guid":{"rendered":"https:\/\/foodonedge.com\/?page_id=2242"},"modified":"2023-04-24T11:18:29","modified_gmt":"2023-04-24T09:18:29","slug":"podla-typu-jedla","status":"publish","type":"page","link":"https:\/\/foodonedge.com\/en\/index-receptov\/podla-typu-jedla\/","title":{"rendered":"RECIPES BY MEAL TYPE"},"content":{"rendered":"<div class=\"wp-block-columns is-layout-flex wp-container-core-columns-is-layout-9d6595d7 wp-block-columns-is-layout-flex\">\n<div class=\"wp-block-column is-layout-flow wp-block-column-is-layout-flow\">\n<h2 class=\"wp-block-heading has-text-align-center\" style=\"font-size:23px\">BREAD<a href=\"https:\/\/foodonedge.com\/category\/jedlo\/podla-typu-jedla\/chleby\/\"><img loading=\"lazy\" decoding=\"async\" width=\"150\" height=\"200\" class=\"wp-image-2047\" style=\"width: 150px;\" src=\"http:\/\/foodonedge.com\/wp-content\/uploads\/2023\/04\/LRM_20211210_122257-2.jpg\" alt=\"\" srcset=\"https:\/\/foodonedge.com\/wp-content\/uploads\/2023\/04\/LRM_20211210_122257-2.jpg 1536w, https:\/\/foodonedge.com\/wp-content\/uploads\/2023\/04\/LRM_20211210_122257-2-225x300.jpg 225w, https:\/\/foodonedge.com\/wp-content\/uploads\/2023\/04\/LRM_20211210_122257-2-768x1024.jpg 768w, https:\/\/foodonedge.com\/wp-content\/uploads\/2023\/04\/LRM_20211210_122257-2-1152x1536.jpg 1152w, https:\/\/foodonedge.com\/wp-content\/uploads\/2023\/04\/LRM_20211210_122257-2-45x60.jpg 45w\" sizes=\"auto, (max-width: 150px) 100vw, 150px\" \/><\/a><\/h2>\n<\/div>\n\n\n\n<div class=\"wp-block-column is-layout-flow wp-block-column-is-layout-flow\">\n<h2 class=\"wp-block-heading has-text-align-center\" style=\"font-size:23px\">CURRIES, STEWS, ETC.<a href=\"https:\/\/foodonedge.com\/category\/jedlo\/podla-typu-jedla\/gulase-kari-a-pod\/\"><img loading=\"lazy\" decoding=\"async\" width=\"150\" height=\"200\" class=\"wp-image-1964\" style=\"width: 150px;\" src=\"http:\/\/foodonedge.com\/wp-content\/uploads\/2023\/03\/LRM_20190629_163824.jpg\" alt=\"\" srcset=\"https:\/\/foodonedge.com\/wp-content\/uploads\/2023\/03\/LRM_20190629_163824.jpg 1536w, https:\/\/foodonedge.com\/wp-content\/uploads\/2023\/03\/LRM_20190629_163824-225x300.jpg 225w, https:\/\/foodonedge.com\/wp-content\/uploads\/2023\/03\/LRM_20190629_163824-768x1024.jpg 768w, https:\/\/foodonedge.com\/wp-content\/uploads\/2023\/03\/LRM_20190629_163824-1152x1536.jpg 1152w\" sizes=\"auto, (max-width: 150px) 100vw, 150px\" \/><\/a><\/h2>\n<\/div>\n\n\n\n<div class=\"wp-block-column is-layout-flow wp-block-column-is-layout-flow\">\n<h2 class=\"wp-block-heading has-text-align-center\" style=\"font-size:23px\">YEAST<a href=\"https:\/\/foodonedge.com\/category\/jedlo\/podla-typu-jedla\/kysnute\/\"><img loading=\"lazy\" decoding=\"async\" width=\"150\" height=\"200\" class=\"wp-image-2226\" style=\"width: 150px;\" src=\"http:\/\/foodonedge.com\/wp-content\/uploads\/2023\/04\/LRM_20230305_142618.jpg\" alt=\"\" srcset=\"https:\/\/foodonedge.com\/wp-content\/uploads\/2023\/04\/LRM_20230305_142618.jpg 1536w, https:\/\/foodonedge.com\/wp-content\/uploads\/2023\/04\/LRM_20230305_142618-225x300.jpg 225w, https:\/\/foodonedge.com\/wp-content\/uploads\/2023\/04\/LRM_20230305_142618-768x1024.jpg 768w, https:\/\/foodonedge.com\/wp-content\/uploads\/2023\/04\/LRM_20230305_142618-1152x1536.jpg 1152w, https:\/\/foodonedge.com\/wp-content\/uploads\/2023\/04\/LRM_20230305_142618-45x60.jpg 45w\" sizes=\"auto, (max-width: 150px) 100vw, 150px\" \/><\/a><\/h2>\n<\/div>\n\n\n\n<div class=\"wp-block-column is-layout-flow wp-block-column-is-layout-flow\">\n<h2 class=\"wp-block-heading has-text-align-center\" style=\"font-size:23px\">MARINOVAN\u00c9 NAKLADAN\u00c9<a href=\"https:\/\/foodonedge.com\/category\/jedlo\/podla-typu-jedla\/marinovane-a-nakladane-veci\/\"><img loading=\"lazy\" decoding=\"async\" width=\"150\" height=\"200\" class=\"wp-image-1378\" style=\"width: 150px;\" src=\"http:\/\/foodonedge.com\/wp-content\/uploads\/2023\/02\/LRM_20220803_092707-2.jpg\" alt=\"\" srcset=\"https:\/\/foodonedge.com\/wp-content\/uploads\/2023\/02\/LRM_20220803_092707-2.jpg 1536w, https:\/\/foodonedge.com\/wp-content\/uploads\/2023\/02\/LRM_20220803_092707-2-225x300.jpg 225w, https:\/\/foodonedge.com\/wp-content\/uploads\/2023\/02\/LRM_20220803_092707-2-768x1024.jpg 768w, https:\/\/foodonedge.com\/wp-content\/uploads\/2023\/02\/LRM_20220803_092707-2-1152x1536.jpg 1152w\" sizes=\"auto, (max-width: 150px) 100vw, 150px\" \/><\/a><\/h2>\n<\/div>\n<\/div>\n\n\n\n<div class=\"wp-block-columns is-layout-flex wp-container-core-columns-is-layout-9d6595d7 wp-block-columns-is-layout-flex\">\n<div class=\"wp-block-column is-layout-flow wp-block-column-is-layout-flow\">\n<h2 class=\"wp-block-heading has-text-align-center\" style=\"font-size:23px\">N\u00c1TIERKY  PA\u0160T\u00c9TY<a href=\"https:\/\/foodonedge.com\/category\/jedlo\/podla-typu-jedla\/natierky-a-pastety\/\"><img loading=\"lazy\" decoding=\"async\" width=\"150\" height=\"200\" class=\"wp-image-1158\" style=\"width: 150px;\" src=\"http:\/\/foodonedge.com\/wp-content\/uploads\/2023\/02\/LRM_20190728_093417-scaled.jpg\" alt=\"\" srcset=\"https:\/\/foodonedge.com\/wp-content\/uploads\/2023\/02\/LRM_20190728_093417-scaled.jpg 1920w, https:\/\/foodonedge.com\/wp-content\/uploads\/2023\/02\/LRM_20190728_093417-225x300.jpg 225w, https:\/\/foodonedge.com\/wp-content\/uploads\/2023\/02\/LRM_20190728_093417-768x1024.jpg 768w, https:\/\/foodonedge.com\/wp-content\/uploads\/2023\/02\/LRM_20190728_093417-1152x1536.jpg 1152w, https:\/\/foodonedge.com\/wp-content\/uploads\/2023\/02\/LRM_20190728_093417-1536x2048.jpg 1536w\" sizes=\"auto, (max-width: 150px) 100vw, 150px\" \/><\/a><\/h2>\n<\/div>\n\n\n\n<div class=\"wp-block-column is-layout-flow wp-block-column-is-layout-flow\">\n<h2 class=\"wp-block-heading has-text-align-center\" style=\"font-size:23px\">SAUCES<a href=\"https:\/\/foodonedge.com\/category\/jedlo\/podla-typu-jedla\/omacky-a-podobne\/\"><img loading=\"lazy\" decoding=\"async\" width=\"150\" height=\"200\" class=\"wp-image-2221\" style=\"width: 150px;\" src=\"http:\/\/foodonedge.com\/wp-content\/uploads\/2023\/04\/LRM_20230203_120623.jpg\" alt=\"\" srcset=\"https:\/\/foodonedge.com\/wp-content\/uploads\/2023\/04\/LRM_20230203_120623.jpg 1536w, https:\/\/foodonedge.com\/wp-content\/uploads\/2023\/04\/LRM_20230203_120623-225x300.jpg 225w, https:\/\/foodonedge.com\/wp-content\/uploads\/2023\/04\/LRM_20230203_120623-768x1024.jpg 768w, https:\/\/foodonedge.com\/wp-content\/uploads\/2023\/04\/LRM_20230203_120623-1152x1536.jpg 1152w, https:\/\/foodonedge.com\/wp-content\/uploads\/2023\/04\/LRM_20230203_120623-45x60.jpg 45w\" sizes=\"auto, (max-width: 150px) 100vw, 150px\" \/><\/a><\/h2>\n<\/div>\n\n\n\n<div class=\"wp-block-column is-layout-flow wp-block-column-is-layout-flow\">\n<h2 class=\"wp-block-heading has-text-align-center\" style=\"font-size:23px\">BAKING<a href=\"https:\/\/foodonedge.com\/category\/jedlo\/podla-typu-jedla\/pecenie\/\"><img loading=\"lazy\" decoding=\"async\" width=\"150\" height=\"200\" class=\"wp-image-2433\" style=\"width: 150px;\" src=\"http:\/\/foodonedge.com\/wp-content\/uploads\/2023\/04\/LRM_20210519_130543.jpg\" alt=\"\" srcset=\"https:\/\/foodonedge.com\/wp-content\/uploads\/2023\/04\/LRM_20210519_130543.jpg 1536w, https:\/\/foodonedge.com\/wp-content\/uploads\/2023\/04\/LRM_20210519_130543-225x300.jpg 225w, https:\/\/foodonedge.com\/wp-content\/uploads\/2023\/04\/LRM_20210519_130543-768x1024.jpg 768w, https:\/\/foodonedge.com\/wp-content\/uploads\/2023\/04\/LRM_20210519_130543-1152x1536.jpg 1152w, https:\/\/foodonedge.com\/wp-content\/uploads\/2023\/04\/LRM_20210519_130543-45x60.jpg 45w\" sizes=\"auto, (max-width: 150px) 100vw, 150px\" \/><\/a><\/h2>\n<\/div>\n\n\n\n<div class=\"wp-block-column is-layout-flow wp-block-column-is-layout-flow\">\n<h2 class=\"wp-block-heading has-text-align-center\" style=\"font-size:23px\">SENDVI\u010cE JEDNOHUBKY<a href=\"https:\/\/foodonedge.com\/category\/jedlo\/podla-typu-jedla\/sendvice-a-jednohubky\/\"><img loading=\"lazy\" decoding=\"async\" width=\"150\" height=\"200\" class=\"wp-image-2427\" style=\"width: 150px;\" src=\"http:\/\/foodonedge.com\/wp-content\/uploads\/2023\/04\/LRM_20210219_095815.jpg\" alt=\"\" srcset=\"https:\/\/foodonedge.com\/wp-content\/uploads\/2023\/04\/LRM_20210219_095815.jpg 1536w, https:\/\/foodonedge.com\/wp-content\/uploads\/2023\/04\/LRM_20210219_095815-225x300.jpg 225w, https:\/\/foodonedge.com\/wp-content\/uploads\/2023\/04\/LRM_20210219_095815-768x1024.jpg 768w, https:\/\/foodonedge.com\/wp-content\/uploads\/2023\/04\/LRM_20210219_095815-1152x1536.jpg 1152w, https:\/\/foodonedge.com\/wp-content\/uploads\/2023\/04\/LRM_20210219_095815-45x60.jpg 45w\" sizes=\"auto, (max-width: 150px) 100vw, 150px\" \/><\/a><\/h2>\n<\/div>\n<\/div>\n\n\n\n<div class=\"wp-block-columns is-layout-flex wp-container-core-columns-is-layout-9d6595d7 wp-block-columns-is-layout-flex\">\n<div class=\"wp-block-column is-layout-flow wp-block-column-is-layout-flow\">\n<h2 class=\"wp-block-heading has-text-align-center\" style=\"font-size:23px\">SWEET RECIPES<a href=\"https:\/\/foodonedge.com\/category\/jedlo\/podla-typu-jedla\/sladke-recepty\/\"><img loading=\"lazy\" decoding=\"async\" width=\"150\" height=\"200\" class=\"wp-image-2425\" style=\"width: 150px;\" src=\"http:\/\/foodonedge.com\/wp-content\/uploads\/2023\/04\/LRM_20220609_174309.jpg\" alt=\"\" srcset=\"https:\/\/foodonedge.com\/wp-content\/uploads\/2023\/04\/LRM_20220609_174309.jpg 1536w, https:\/\/foodonedge.com\/wp-content\/uploads\/2023\/04\/LRM_20220609_174309-225x300.jpg 225w, https:\/\/foodonedge.com\/wp-content\/uploads\/2023\/04\/LRM_20220609_174309-768x1024.jpg 768w, https:\/\/foodonedge.com\/wp-content\/uploads\/2023\/04\/LRM_20220609_174309-1152x1536.jpg 1152w, https:\/\/foodonedge.com\/wp-content\/uploads\/2023\/04\/LRM_20220609_174309-45x60.jpg 45w\" sizes=\"auto, (max-width: 150px) 100vw, 150px\" \/><\/a><\/h2>\n<\/div>\n\n\n\n<div class=\"wp-block-column is-layout-flow wp-block-column-is-layout-flow\">\n<h2 class=\"wp-block-heading has-text-align-center\" style=\"font-size:23px\">SCEWERS<a href=\"https:\/\/foodonedge.com\/category\/jedlo\/podla-typu-jedla\/spizy\/\"><img loading=\"lazy\" decoding=\"async\" width=\"150\" height=\"200\" class=\"wp-image-1415\" style=\"width: 150px;\" src=\"http:\/\/foodonedge.com\/wp-content\/uploads\/2023\/02\/LRM_20210228_161451-2.jpg\" alt=\"\" srcset=\"https:\/\/foodonedge.com\/wp-content\/uploads\/2023\/02\/LRM_20210228_161451-2.jpg 1536w, https:\/\/foodonedge.com\/wp-content\/uploads\/2023\/02\/LRM_20210228_161451-2-225x300.jpg 225w, https:\/\/foodonedge.com\/wp-content\/uploads\/2023\/02\/LRM_20210228_161451-2-768x1024.jpg 768w, https:\/\/foodonedge.com\/wp-content\/uploads\/2023\/02\/LRM_20210228_161451-2-1152x1536.jpg 1152w\" sizes=\"auto, (max-width: 150px) 100vw, 150px\" \/><\/a><\/h2>\n<\/div>\n\n\n\n<div class=\"wp-block-column is-layout-flow wp-block-column-is-layout-flow\"><\/div>\n\n\n\n<div class=\"wp-block-column is-layout-flow wp-block-column-is-layout-flow\"><\/div>\n<\/div>","protected":false},"excerpt":{"rendered":"<p>CHLEBY GUL\u00c1\u0160E, KAR\u00cd A POD. KYSNUT\u00c9 MARINOVAN\u00c9 NAKLADAN\u00c9 N\u00c1TIERKY PA\u0160T\u00c9TY OM\u00c1\u010cKY A POD. PE\u010cENIE SENDVI\u010cE JEDNOHUBKY SLADK\u00c9 RECEPTY \u0160P\u00cdZY<\/p>","protected":false},"author":1,"featured_media":0,"parent":2144,"menu_order":0,"comment_status":"closed","ping_status":"closed","template":"","meta":{"_monsterinsights_skip_tracking":false,"_monsterinsights_sitenote_active":false,"_monsterinsights_sitenote_note":"","_monsterinsights_sitenote_category":0,"footnotes":""},"class_list":["post-2242","page","type-page","status-publish","hentry"],"yoast_head":"<!-- This site is optimized with the Yoast SEO plugin v27.4 - https:\/\/yoast.com\/product\/yoast-seo-wordpress\/ -->\n<title>POD\u013dA TYPU JEDLA - FOOD ON EDGE<\/title>\n<meta name=\"robots\" content=\"index, follow, max-snippet:-1, max-image-preview:large, max-video-preview:-1\" \/>\n<link rel=\"canonical\" href=\"https:\/\/foodonedge.com\/en\/index-receptov\/podla-typu-jedla\/\" \/>\n<meta property=\"og:locale\" content=\"en_US\" \/>\n<meta property=\"og:type\" content=\"article\" \/>\n<meta property=\"og:title\" content=\"POD\u013dA TYPU JEDLA - FOOD ON EDGE\" \/>\n<meta property=\"og:description\" content=\"CHLEBY GUL\u00c1\u0160E, KAR\u00cd A POD. KYSNUT\u00c9 MARINOVAN\u00c9 NAKLADAN\u00c9 N\u00c1TIERKY PA\u0160T\u00c9TY OM\u00c1\u010cKY A POD. PE\u010cENIE SENDVI\u010cE JEDNOHUBKY SLADK\u00c9 RECEPTY \u0160P\u00cdZY\" \/>\n<meta property=\"og:url\" content=\"https:\/\/foodonedge.com\/en\/index-receptov\/podla-typu-jedla\/\" \/>\n<meta property=\"og:site_name\" content=\"FOOD ON EDGE\" \/>\n<meta property=\"article:modified_time\" content=\"2023-04-24T09:18:29+00:00\" \/>\n<meta property=\"og:image\" content=\"http:\/\/foodonedge.com\/wp-content\/uploads\/2023\/04\/LRM_20211210_122257-2.jpg\" \/>\n<meta name=\"twitter:card\" content=\"summary_large_image\" \/>\n<meta name=\"twitter:label1\" content=\"Est. reading time\" \/>\n\t<meta name=\"twitter:data1\" content=\"1 minute\" \/>\n<script type=\"application\/ld+json\" class=\"yoast-schema-graph\">{\"@context\":\"https:\\\/\\\/schema.org\",\"@graph\":[{\"@type\":\"WebPage\",\"@id\":\"https:\\\/\\\/foodonedge.com\\\/index-receptov\\\/podla-typu-jedla\\\/\",\"url\":\"https:\\\/\\\/foodonedge.com\\\/index-receptov\\\/podla-typu-jedla\\\/\",\"name\":\"POD\u013dA TYPU JEDLA - FOOD ON EDGE\",\"isPartOf\":{\"@id\":\"https:\\\/\\\/foodonedge.com\\\/#website\"},\"primaryImageOfPage\":{\"@id\":\"https:\\\/\\\/foodonedge.com\\\/index-receptov\\\/podla-typu-jedla\\\/#primaryimage\"},\"image\":{\"@id\":\"https:\\\/\\\/foodonedge.com\\\/index-receptov\\\/podla-typu-jedla\\\/#primaryimage\"},\"thumbnailUrl\":\"http:\\\/\\\/foodonedge.com\\\/wp-content\\\/uploads\\\/2023\\\/04\\\/LRM_20211210_122257-2.jpg\",\"datePublished\":\"2023-04-18T21:14:18+00:00\",\"dateModified\":\"2023-04-24T09:18:29+00:00\",\"breadcrumb\":{\"@id\":\"https:\\\/\\\/foodonedge.com\\\/index-receptov\\\/podla-typu-jedla\\\/#breadcrumb\"},\"inLanguage\":\"en-US\",\"potentialAction\":[{\"@type\":\"ReadAction\",\"target\":[\"https:\\\/\\\/foodonedge.com\\\/index-receptov\\\/podla-typu-jedla\\\/\"]}]},{\"@type\":\"ImageObject\",\"inLanguage\":\"en-US\",\"@id\":\"https:\\\/\\\/foodonedge.com\\\/index-receptov\\\/podla-typu-jedla\\\/#primaryimage\",\"url\":\"http:\\\/\\\/foodonedge.com\\\/wp-content\\\/uploads\\\/2023\\\/04\\\/LRM_20211210_122257-2.jpg\",\"contentUrl\":\"http:\\\/\\\/foodonedge.com\\\/wp-content\\\/uploads\\\/2023\\\/04\\\/LRM_20211210_122257-2.jpg\"},{\"@type\":\"BreadcrumbList\",\"@id\":\"https:\\\/\\\/foodonedge.com\\\/index-receptov\\\/podla-typu-jedla\\\/#breadcrumb\",\"itemListElement\":[{\"@type\":\"ListItem\",\"position\":1,\"name\":\"Domovsk\u00e1 str\u00e1nka\",\"item\":\"https:\\\/\\\/foodonedge.com\\\/\"},{\"@type\":\"ListItem\",\"position\":2,\"name\":\"ZOZNAM RECEPTOV\",\"item\":\"https:\\\/\\\/foodonedge.com\\\/en\\\/index-receptov\\\/\"},{\"@type\":\"ListItem\",\"position\":3,\"name\":\"POD\u013dA TYPU JEDLA\"}]},{\"@type\":\"WebSite\",\"@id\":\"https:\\\/\\\/foodonedge.com\\\/#website\",\"url\":\"https:\\\/\\\/foodonedge.com\\\/\",\"name\":\"FOOD ON EDGE\",\"description\":\"\",\"potentialAction\":[{\"@type\":\"SearchAction\",\"target\":{\"@type\":\"EntryPoint\",\"urlTemplate\":\"https:\\\/\\\/foodonedge.com\\\/?s={search_term_string}\"},\"query-input\":{\"@type\":\"PropertyValueSpecification\",\"valueRequired\":true,\"valueName\":\"search_term_string\"}}],\"inLanguage\":\"en-US\"}]}<\/script>\n<!-- \/ Yoast SEO plugin. -->","yoast_head_json":{"title":"POD\u013dA TYPU JEDLA - FOOD ON EDGE","robots":{"index":"index","follow":"follow","max-snippet":"max-snippet:-1","max-image-preview":"max-image-preview:large","max-video-preview":"max-video-preview:-1"},"canonical":"https:\/\/foodonedge.com\/en\/index-receptov\/podla-typu-jedla\/","og_locale":"en_US","og_type":"article","og_title":"POD\u013dA TYPU JEDLA - FOOD ON EDGE","og_description":"CHLEBY GUL\u00c1\u0160E, KAR\u00cd A POD. KYSNUT\u00c9 MARINOVAN\u00c9 NAKLADAN\u00c9 N\u00c1TIERKY PA\u0160T\u00c9TY OM\u00c1\u010cKY A POD. PE\u010cENIE SENDVI\u010cE JEDNOHUBKY SLADK\u00c9 RECEPTY \u0160P\u00cdZY","og_url":"https:\/\/foodonedge.com\/en\/index-receptov\/podla-typu-jedla\/","og_site_name":"FOOD ON EDGE","article_modified_time":"2023-04-24T09:18:29+00:00","og_image":[{"url":"http:\/\/foodonedge.com\/wp-content\/uploads\/2023\/04\/LRM_20211210_122257-2.jpg","type":"","width":"","height":""}],"twitter_card":"summary_large_image","twitter_misc":{"Est. reading time":"1 minute"},"schema":{"@context":"https:\/\/schema.org","@graph":[{"@type":"WebPage","@id":"https:\/\/foodonedge.com\/index-receptov\/podla-typu-jedla\/","url":"https:\/\/foodonedge.com\/index-receptov\/podla-typu-jedla\/","name":"POD\u013dA TYPU JEDLA - FOOD ON EDGE","isPartOf":{"@id":"https:\/\/foodonedge.com\/#website"},"primaryImageOfPage":{"@id":"https:\/\/foodonedge.com\/index-receptov\/podla-typu-jedla\/#primaryimage"},"image":{"@id":"https:\/\/foodonedge.com\/index-receptov\/podla-typu-jedla\/#primaryimage"},"thumbnailUrl":"http:\/\/foodonedge.com\/wp-content\/uploads\/2023\/04\/LRM_20211210_122257-2.jpg","datePublished":"2023-04-18T21:14:18+00:00","dateModified":"2023-04-24T09:18:29+00:00","breadcrumb":{"@id":"https:\/\/foodonedge.com\/index-receptov\/podla-typu-jedla\/#breadcrumb"},"inLanguage":"en-US","potentialAction":[{"@type":"ReadAction","target":["https:\/\/foodonedge.com\/index-receptov\/podla-typu-jedla\/"]}]},{"@type":"ImageObject","inLanguage":"en-US","@id":"https:\/\/foodonedge.com\/index-receptov\/podla-typu-jedla\/#primaryimage","url":"http:\/\/foodonedge.com\/wp-content\/uploads\/2023\/04\/LRM_20211210_122257-2.jpg","contentUrl":"http:\/\/foodonedge.com\/wp-content\/uploads\/2023\/04\/LRM_20211210_122257-2.jpg"},{"@type":"BreadcrumbList","@id":"https:\/\/foodonedge.com\/index-receptov\/podla-typu-jedla\/#breadcrumb","itemListElement":[{"@type":"ListItem","position":1,"name":"Domovsk\u00e1 str\u00e1nka","item":"https:\/\/foodonedge.com\/"},{"@type":"ListItem","position":2,"name":"ZOZNAM RECEPTOV","item":"https:\/\/foodonedge.com\/en\/index-receptov\/"},{"@type":"ListItem","position":3,"name":"POD\u013dA TYPU JEDLA"}]},{"@type":"WebSite","@id":"https:\/\/foodonedge.com\/#website","url":"https:\/\/foodonedge.com\/","name":"FOOD ON EDGE","description":"","potentialAction":[{"@type":"SearchAction","target":{"@type":"EntryPoint","urlTemplate":"https:\/\/foodonedge.com\/?s={search_term_string}"},"query-input":{"@type":"PropertyValueSpecification","valueRequired":true,"valueName":"search_term_string"}}],"inLanguage":"en-US"}]}},"_links":{"self":[{"href":"https:\/\/foodonedge.com\/en\/wp-json\/wp\/v2\/pages\/2242","targetHints":{"allow":["GET"]}}],"collection":[{"href":"https:\/\/foodonedge.com\/en\/wp-json\/wp\/v2\/pages"}],"about":[{"href":"https:\/\/foodonedge.com\/en\/wp-json\/wp\/v2\/types\/page"}],"author":[{"embeddable":true,"href":"https:\/\/foodonedge.com\/en\/wp-json\/wp\/v2\/users\/1"}],"replies":[{"embeddable":true,"href":"https:\/\/foodonedge.com\/en\/wp-json\/wp\/v2\/comments?post=2242"}],"version-history":[{"count":2,"href":"https:\/\/foodonedge.com\/en\/wp-json\/wp\/v2\/pages\/2242\/revisions"}],"predecessor-version":[{"id":2449,"href":"https:\/\/foodonedge.com\/en\/wp-json\/wp\/v2\/pages\/2242\/revisions\/2449"}],"up":[{"embeddable":true,"href":"https:\/\/foodonedge.com\/en\/wp-json\/wp\/v2\/pages\/2144"}],"wp:attachment":[{"href":"https:\/\/foodonedge.com\/en\/wp-json\/wp\/v2\/media?parent=2242"}],"curies":[{"name":"wp","href":"https:\/\/api.w.org\/{rel}","templated":true}]}}