{"id":2214,"date":"2023-04-18T20:08:05","date_gmt":"2023-04-18T18:08:05","guid":{"rendered":"https:\/\/foodonedge.com\/?page_id=2214"},"modified":"2023-04-24T11:03:56","modified_gmt":"2023-04-24T09:03:56","slug":"podla-chodu","status":"publish","type":"page","link":"https:\/\/foodonedge.com\/en\/index-receptov\/podla-chodu\/","title":{"rendered":"RECIPES BY COURSE"},"content":{"rendered":"<div class=\"wp-block-columns is-layout-flex wp-container-core-columns-is-layout-9d6595d7 wp-block-columns-is-layout-flex\">\n<div class=\"wp-block-column is-layout-flow wp-block-column-is-layout-flow\">\n<h2 class=\"wp-block-heading has-text-align-center\" style=\"font-size:24px\">BREAKFAST<a href=\"https:\/\/foodonedge.com\/category\/jedlo\/podla-chodu\/ranajky\/\"><img loading=\"lazy\" decoding=\"async\" width=\"150\" height=\"200\" class=\"wp-image-1345\" style=\"width: 150px;\" src=\"http:\/\/foodonedge.com\/wp-content\/uploads\/2023\/01\/LRM_20210107_105133.jpg\" alt=\"\" srcset=\"https:\/\/foodonedge.com\/wp-content\/uploads\/2023\/01\/LRM_20210107_105133.jpg 1536w, https:\/\/foodonedge.com\/wp-content\/uploads\/2023\/01\/LRM_20210107_105133-225x300.jpg 225w, https:\/\/foodonedge.com\/wp-content\/uploads\/2023\/01\/LRM_20210107_105133-768x1024.jpg 768w, https:\/\/foodonedge.com\/wp-content\/uploads\/2023\/01\/LRM_20210107_105133-1152x1536.jpg 1152w\" sizes=\"auto, (max-width: 150px) 100vw, 150px\" \/><\/a><\/h2>\n<\/div>\n\n\n\n<div class=\"wp-block-column is-layout-flow wp-block-column-is-layout-flow\">\n<h2 class=\"wp-block-heading has-text-align-center\" style=\"font-size:24px\">SNACKS<a href=\"https:\/\/foodonedge.com\/category\/jedlo\/podla-chodu\/desiata-a-ine-snacky\/\"><img loading=\"lazy\" decoding=\"async\" width=\"150\" height=\"200\" class=\"wp-image-2222\" style=\"width: 150px;\" src=\"http:\/\/foodonedge.com\/wp-content\/uploads\/2023\/04\/LRM_20230305_095547.jpg\" alt=\"\" srcset=\"https:\/\/foodonedge.com\/wp-content\/uploads\/2023\/04\/LRM_20230305_095547.jpg 1536w, https:\/\/foodonedge.com\/wp-content\/uploads\/2023\/04\/LRM_20230305_095547-225x300.jpg 225w, https:\/\/foodonedge.com\/wp-content\/uploads\/2023\/04\/LRM_20230305_095547-768x1024.jpg 768w, https:\/\/foodonedge.com\/wp-content\/uploads\/2023\/04\/LRM_20230305_095547-1152x1536.jpg 1152w, https:\/\/foodonedge.com\/wp-content\/uploads\/2023\/04\/LRM_20230305_095547-45x60.jpg 45w\" sizes=\"auto, (max-width: 150px) 100vw, 150px\" \/><\/a><\/h2>\n<\/div>\n\n\n\n<div class=\"wp-block-column is-layout-flow wp-block-column-is-layout-flow\">\n<h2 class=\"wp-block-heading has-text-align-center\" style=\"font-size:24px\">SOUPS<a href=\"https:\/\/foodonedge.com\/category\/jedlo\/podla-chodu\/polievky\/\"><img loading=\"lazy\" decoding=\"async\" width=\"150\" height=\"200\" class=\"wp-image-2068\" style=\"width: 150px;\" src=\"http:\/\/foodonedge.com\/wp-content\/uploads\/2023\/04\/IMG_20210227_153451-2-scaled.jpg\" alt=\"\" srcset=\"https:\/\/foodonedge.com\/wp-content\/uploads\/2023\/04\/IMG_20210227_153451-2-scaled.jpg 1920w, https:\/\/foodonedge.com\/wp-content\/uploads\/2023\/04\/IMG_20210227_153451-2-225x300.jpg 225w, https:\/\/foodonedge.com\/wp-content\/uploads\/2023\/04\/IMG_20210227_153451-2-768x1024.jpg 768w, https:\/\/foodonedge.com\/wp-content\/uploads\/2023\/04\/IMG_20210227_153451-2-1152x1536.jpg 1152w, https:\/\/foodonedge.com\/wp-content\/uploads\/2023\/04\/IMG_20210227_153451-2-1536x2048.jpg 1536w\" sizes=\"auto, (max-width: 150px) 100vw, 150px\" \/><\/a><\/h2>\n<\/div>\n\n\n\n<div class=\"wp-block-column is-layout-flow wp-block-column-is-layout-flow\">\n<h2 class=\"wp-block-heading has-text-align-center\" style=\"font-size:24px\">APPETIZERS<a href=\"https:\/\/foodonedge.com\/category\/jedlo\/podla-chodu\/predjedla\/\"><img loading=\"lazy\" decoding=\"async\" width=\"150\" height=\"200\" class=\"wp-image-1323\" style=\"width: 150px;\" src=\"http:\/\/foodonedge.com\/wp-content\/uploads\/2023\/02\/LRM_20220630_141218.jpg\" alt=\"\" srcset=\"https:\/\/foodonedge.com\/wp-content\/uploads\/2023\/02\/LRM_20220630_141218.jpg 1536w, https:\/\/foodonedge.com\/wp-content\/uploads\/2023\/02\/LRM_20220630_141218-225x300.jpg 225w, https:\/\/foodonedge.com\/wp-content\/uploads\/2023\/02\/LRM_20220630_141218-768x1024.jpg 768w, https:\/\/foodonedge.com\/wp-content\/uploads\/2023\/02\/LRM_20220630_141218-1152x1536.jpg 1152w\" sizes=\"auto, (max-width: 150px) 100vw, 150px\" \/><\/a><\/h2>\n<\/div>\n<\/div>\n\n\n\n<div class=\"wp-block-columns is-layout-flex wp-container-core-columns-is-layout-9d6595d7 wp-block-columns-is-layout-flex\">\n<div class=\"wp-block-column is-layout-flow wp-block-column-is-layout-flow\">\n<h2 class=\"wp-block-heading has-text-align-center\" style=\"font-size:24px\">SALADS<a href=\"https:\/\/foodonedge.com\/category\/jedlo\/podla-chodu\/salaty\/\"><img loading=\"lazy\" decoding=\"async\" width=\"150\" height=\"200\" class=\"wp-image-1936\" style=\"width: 150px;\" src=\"http:\/\/foodonedge.com\/wp-content\/uploads\/2023\/03\/LRM_20190625_200734.jpg\" alt=\"\" srcset=\"https:\/\/foodonedge.com\/wp-content\/uploads\/2023\/03\/LRM_20190625_200734.jpg 1536w, https:\/\/foodonedge.com\/wp-content\/uploads\/2023\/03\/LRM_20190625_200734-225x300.jpg 225w, https:\/\/foodonedge.com\/wp-content\/uploads\/2023\/03\/LRM_20190625_200734-768x1024.jpg 768w, https:\/\/foodonedge.com\/wp-content\/uploads\/2023\/03\/LRM_20190625_200734-1152x1536.jpg 1152w\" sizes=\"auto, (max-width: 150px) 100vw, 150px\" \/><\/a><\/h2>\n<\/div>\n\n\n\n<div class=\"wp-block-column is-layout-flow wp-block-column-is-layout-flow\">\n<h2 class=\"wp-block-heading has-text-align-center\" style=\"font-size:24px\">MAINS<a href=\"https:\/\/foodonedge.com\/category\/jedlo\/podla-chodu\/hlavny-chod\/\"><img loading=\"lazy\" decoding=\"async\" width=\"150\" height=\"200\" class=\"wp-image-2035\" style=\"width: 150px;\" src=\"http:\/\/foodonedge.com\/wp-content\/uploads\/2023\/04\/LRM_20211209_144635.jpg\" alt=\"\" srcset=\"https:\/\/foodonedge.com\/wp-content\/uploads\/2023\/04\/LRM_20211209_144635.jpg 1536w, https:\/\/foodonedge.com\/wp-content\/uploads\/2023\/04\/LRM_20211209_144635-225x300.jpg 225w, https:\/\/foodonedge.com\/wp-content\/uploads\/2023\/04\/LRM_20211209_144635-768x1024.jpg 768w, https:\/\/foodonedge.com\/wp-content\/uploads\/2023\/04\/LRM_20211209_144635-1152x1536.jpg 1152w, https:\/\/foodonedge.com\/wp-content\/uploads\/2023\/04\/LRM_20211209_144635-45x60.jpg 45w\" sizes=\"auto, (max-width: 150px) 100vw, 150px\" \/><\/a><\/h2>\n<\/div>\n\n\n\n<div class=\"wp-block-column is-layout-flow wp-block-column-is-layout-flow\">\n<h2 class=\"wp-block-heading has-text-align-center\" style=\"font-size:24px\">SIDE DISHES<a href=\"https:\/\/foodonedge.com\/category\/jedlo\/podla-chodu\/prilohy\/\"><img loading=\"lazy\" decoding=\"async\" width=\"150\" height=\"200\" class=\"wp-image-1342\" style=\"width: 150px;\" src=\"http:\/\/foodonedge.com\/wp-content\/uploads\/2023\/02\/LRM_20220713_125539.jpg\" alt=\"\" srcset=\"https:\/\/foodonedge.com\/wp-content\/uploads\/2023\/02\/LRM_20220713_125539.jpg 1536w, https:\/\/foodonedge.com\/wp-content\/uploads\/2023\/02\/LRM_20220713_125539-225x300.jpg 225w, https:\/\/foodonedge.com\/wp-content\/uploads\/2023\/02\/LRM_20220713_125539-768x1024.jpg 768w, https:\/\/foodonedge.com\/wp-content\/uploads\/2023\/02\/LRM_20220713_125539-1152x1536.jpg 1152w\" sizes=\"auto, (max-width: 150px) 100vw, 150px\" \/><\/a><\/h2>\n<\/div>\n\n\n\n<div class=\"wp-block-column is-layout-flow wp-block-column-is-layout-flow\">\n<h2 class=\"wp-block-heading has-text-align-center\" style=\"font-size:24px\">DESSERTS<a href=\"https:\/\/foodonedge.com\/category\/jedlo\/podla-chodu\/dezerty\/\"><img loading=\"lazy\" decoding=\"async\" width=\"150\" height=\"200\" class=\"wp-image-1921\" style=\"width: 150px;\" src=\"http:\/\/foodonedge.com\/wp-content\/uploads\/2023\/03\/LRM_20200901_095600.jpg\" alt=\"\" srcset=\"https:\/\/foodonedge.com\/wp-content\/uploads\/2023\/03\/LRM_20200901_095600.jpg 1536w, https:\/\/foodonedge.com\/wp-content\/uploads\/2023\/03\/LRM_20200901_095600-225x300.jpg 225w, https:\/\/foodonedge.com\/wp-content\/uploads\/2023\/03\/LRM_20200901_095600-768x1024.jpg 768w, https:\/\/foodonedge.com\/wp-content\/uploads\/2023\/03\/LRM_20200901_095600-1152x1536.jpg 1152w\" sizes=\"auto, (max-width: 150px) 100vw, 150px\" \/><\/a><\/h2>\n<\/div>\n<\/div>\n\n\n\n<div class=\"wp-block-columns is-layout-flex wp-container-core-columns-is-layout-9d6595d7 wp-block-columns-is-layout-flex\">\n<div class=\"wp-block-column is-layout-flow wp-block-column-is-layout-flow\">\n<h2 class=\"wp-block-heading has-text-align-center\" style=\"font-size:24px\">DRINKS<a href=\"https:\/\/foodonedge.com\/category\/jedlo\/podla-chodu\/napoje\/\"><img loading=\"lazy\" decoding=\"async\" width=\"150\" height=\"200\" class=\"wp-image-2017\" style=\"width: 150px;\" src=\"http:\/\/foodonedge.com\/wp-content\/uploads\/2023\/03\/IMG_20201206_204654-\u2013-kopia.jpg\" alt=\"\" srcset=\"https:\/\/foodonedge.com\/wp-content\/uploads\/2023\/03\/IMG_20201206_204654-\u2013-kopia.jpg 1536w, https:\/\/foodonedge.com\/wp-content\/uploads\/2023\/03\/IMG_20201206_204654-\u2013-kopia-225x300.jpg 225w, https:\/\/foodonedge.com\/wp-content\/uploads\/2023\/03\/IMG_20201206_204654-\u2013-kopia-768x1024.jpg 768w, https:\/\/foodonedge.com\/wp-content\/uploads\/2023\/03\/IMG_20201206_204654-\u2013-kopia-1152x1536.jpg 1152w, https:\/\/foodonedge.com\/wp-content\/uploads\/2023\/03\/IMG_20201206_204654-\u2013-kopia-45x60.jpg 45w\" sizes=\"auto, (max-width: 150px) 100vw, 150px\" \/><\/a><\/h2>\n<\/div>\n\n\n\n<div class=\"wp-block-column is-layout-flow wp-block-column-is-layout-flow\"><\/div>\n\n\n\n<div class=\"wp-block-column is-layout-flow wp-block-column-is-layout-flow\"><\/div>\n\n\n\n<div class=\"wp-block-column is-layout-flow wp-block-column-is-layout-flow\"><\/div>\n<\/div>","protected":false},"excerpt":{"rendered":"<p>RA\u0147AJKY DESIATA A IN\u00c9 SNACKY POLIEVKY PREDJEDL\u00c1 \u0160AL\u00c1TY HLAVN\u00dd CHOD PR\u00cdLOHY DEZERTY N\u00c1POJE<\/p>","protected":false},"author":1,"featured_media":0,"parent":2144,"menu_order":0,"comment_status":"closed","ping_status":"closed","template":"","meta":{"_monsterinsights_skip_tracking":false,"_monsterinsights_sitenote_active":false,"_monsterinsights_sitenote_note":"","_monsterinsights_sitenote_category":0,"footnotes":""},"class_list":["post-2214","page","type-page","status-publish","hentry"],"yoast_head":"<!-- This site is optimized with the Yoast SEO plugin v27.4 - https:\/\/yoast.com\/product\/yoast-seo-wordpress\/ -->\n<title>POD\u013dA CHODU - FOOD ON EDGE<\/title>\n<meta name=\"robots\" content=\"index, follow, max-snippet:-1, max-image-preview:large, max-video-preview:-1\" \/>\n<link rel=\"canonical\" href=\"https:\/\/foodonedge.com\/en\/index-receptov\/podla-chodu\/\" \/>\n<meta property=\"og:locale\" content=\"en_US\" \/>\n<meta property=\"og:type\" content=\"article\" \/>\n<meta property=\"og:title\" content=\"POD\u013dA CHODU - FOOD ON EDGE\" \/>\n<meta property=\"og:description\" content=\"RA\u0147AJKY DESIATA A IN\u00c9 SNACKY POLIEVKY PREDJEDL\u00c1 \u0160AL\u00c1TY HLAVN\u00dd CHOD PR\u00cdLOHY DEZERTY N\u00c1POJE\" \/>\n<meta property=\"og:url\" content=\"https:\/\/foodonedge.com\/en\/index-receptov\/podla-chodu\/\" \/>\n<meta property=\"og:site_name\" content=\"FOOD ON EDGE\" \/>\n<meta property=\"article:modified_time\" content=\"2023-04-24T09:03:56+00:00\" \/>\n<meta property=\"og:image\" content=\"http:\/\/foodonedge.com\/wp-content\/uploads\/2023\/01\/LRM_20210107_105133.jpg\" \/>\n<meta name=\"twitter:card\" content=\"summary_large_image\" \/>\n<meta name=\"twitter:label1\" content=\"Est. reading time\" \/>\n\t<meta name=\"twitter:data1\" content=\"2 minutes\" \/>\n<script type=\"application\/ld+json\" class=\"yoast-schema-graph\">{\"@context\":\"https:\\\/\\\/schema.org\",\"@graph\":[{\"@type\":\"WebPage\",\"@id\":\"https:\\\/\\\/foodonedge.com\\\/en\\\/index-receptov\\\/podla-chodu\\\/\",\"url\":\"https:\\\/\\\/foodonedge.com\\\/en\\\/index-receptov\\\/podla-chodu\\\/\",\"name\":\"POD\u013dA CHODU - FOOD ON EDGE\",\"isPartOf\":{\"@id\":\"https:\\\/\\\/foodonedge.com\\\/#website\"},\"primaryImageOfPage\":{\"@id\":\"https:\\\/\\\/foodonedge.com\\\/en\\\/index-receptov\\\/podla-chodu\\\/#primaryimage\"},\"image\":{\"@id\":\"https:\\\/\\\/foodonedge.com\\\/en\\\/index-receptov\\\/podla-chodu\\\/#primaryimage\"},\"thumbnailUrl\":\"http:\\\/\\\/foodonedge.com\\\/wp-content\\\/uploads\\\/2023\\\/01\\\/LRM_20210107_105133.jpg\",\"datePublished\":\"2023-04-18T18:08:05+00:00\",\"dateModified\":\"2023-04-24T09:03:56+00:00\",\"breadcrumb\":{\"@id\":\"https:\\\/\\\/foodonedge.com\\\/en\\\/index-receptov\\\/podla-chodu\\\/#breadcrumb\"},\"inLanguage\":\"en-US\",\"potentialAction\":[{\"@type\":\"ReadAction\",\"target\":[\"https:\\\/\\\/foodonedge.com\\\/en\\\/index-receptov\\\/podla-chodu\\\/\"]}]},{\"@type\":\"ImageObject\",\"inLanguage\":\"en-US\",\"@id\":\"https:\\\/\\\/foodonedge.com\\\/en\\\/index-receptov\\\/podla-chodu\\\/#primaryimage\",\"url\":\"http:\\\/\\\/foodonedge.com\\\/wp-content\\\/uploads\\\/2023\\\/01\\\/LRM_20210107_105133.jpg\",\"contentUrl\":\"http:\\\/\\\/foodonedge.com\\\/wp-content\\\/uploads\\\/2023\\\/01\\\/LRM_20210107_105133.jpg\"},{\"@type\":\"BreadcrumbList\",\"@id\":\"https:\\\/\\\/foodonedge.com\\\/en\\\/index-receptov\\\/podla-chodu\\\/#breadcrumb\",\"itemListElement\":[{\"@type\":\"ListItem\",\"position\":1,\"name\":\"Domovsk\u00e1 str\u00e1nka\",\"item\":\"https:\\\/\\\/foodonedge.com\\\/\"},{\"@type\":\"ListItem\",\"position\":2,\"name\":\"ZOZNAM RECEPTOV\",\"item\":\"https:\\\/\\\/foodonedge.com\\\/en\\\/index-receptov\\\/\"},{\"@type\":\"ListItem\",\"position\":3,\"name\":\"POD\u013dA CHODU\"}]},{\"@type\":\"WebSite\",\"@id\":\"https:\\\/\\\/foodonedge.com\\\/#website\",\"url\":\"https:\\\/\\\/foodonedge.com\\\/\",\"name\":\"FOOD ON EDGE\",\"description\":\"\",\"potentialAction\":[{\"@type\":\"SearchAction\",\"target\":{\"@type\":\"EntryPoint\",\"urlTemplate\":\"https:\\\/\\\/foodonedge.com\\\/?s={search_term_string}\"},\"query-input\":{\"@type\":\"PropertyValueSpecification\",\"valueRequired\":true,\"valueName\":\"search_term_string\"}}],\"inLanguage\":\"en-US\"}]}<\/script>\n<!-- \/ Yoast SEO plugin. -->","yoast_head_json":{"title":"POD\u013dA CHODU - FOOD ON EDGE","robots":{"index":"index","follow":"follow","max-snippet":"max-snippet:-1","max-image-preview":"max-image-preview:large","max-video-preview":"max-video-preview:-1"},"canonical":"https:\/\/foodonedge.com\/en\/index-receptov\/podla-chodu\/","og_locale":"en_US","og_type":"article","og_title":"POD\u013dA CHODU - FOOD ON EDGE","og_description":"RA\u0147AJKY DESIATA A IN\u00c9 SNACKY POLIEVKY PREDJEDL\u00c1 \u0160AL\u00c1TY HLAVN\u00dd CHOD PR\u00cdLOHY DEZERTY N\u00c1POJE","og_url":"https:\/\/foodonedge.com\/en\/index-receptov\/podla-chodu\/","og_site_name":"FOOD ON EDGE","article_modified_time":"2023-04-24T09:03:56+00:00","og_image":[{"url":"http:\/\/foodonedge.com\/wp-content\/uploads\/2023\/01\/LRM_20210107_105133.jpg","type":"","width":"","height":""}],"twitter_card":"summary_large_image","twitter_misc":{"Est. reading time":"2 minutes"},"schema":{"@context":"https:\/\/schema.org","@graph":[{"@type":"WebPage","@id":"https:\/\/foodonedge.com\/en\/index-receptov\/podla-chodu\/","url":"https:\/\/foodonedge.com\/en\/index-receptov\/podla-chodu\/","name":"POD\u013dA CHODU - FOOD ON EDGE","isPartOf":{"@id":"https:\/\/foodonedge.com\/#website"},"primaryImageOfPage":{"@id":"https:\/\/foodonedge.com\/en\/index-receptov\/podla-chodu\/#primaryimage"},"image":{"@id":"https:\/\/foodonedge.com\/en\/index-receptov\/podla-chodu\/#primaryimage"},"thumbnailUrl":"http:\/\/foodonedge.com\/wp-content\/uploads\/2023\/01\/LRM_20210107_105133.jpg","datePublished":"2023-04-18T18:08:05+00:00","dateModified":"2023-04-24T09:03:56+00:00","breadcrumb":{"@id":"https:\/\/foodonedge.com\/en\/index-receptov\/podla-chodu\/#breadcrumb"},"inLanguage":"en-US","potentialAction":[{"@type":"ReadAction","target":["https:\/\/foodonedge.com\/en\/index-receptov\/podla-chodu\/"]}]},{"@type":"ImageObject","inLanguage":"en-US","@id":"https:\/\/foodonedge.com\/en\/index-receptov\/podla-chodu\/#primaryimage","url":"http:\/\/foodonedge.com\/wp-content\/uploads\/2023\/01\/LRM_20210107_105133.jpg","contentUrl":"http:\/\/foodonedge.com\/wp-content\/uploads\/2023\/01\/LRM_20210107_105133.jpg"},{"@type":"BreadcrumbList","@id":"https:\/\/foodonedge.com\/en\/index-receptov\/podla-chodu\/#breadcrumb","itemListElement":[{"@type":"ListItem","position":1,"name":"Domovsk\u00e1 str\u00e1nka","item":"https:\/\/foodonedge.com\/"},{"@type":"ListItem","position":2,"name":"ZOZNAM RECEPTOV","item":"https:\/\/foodonedge.com\/en\/index-receptov\/"},{"@type":"ListItem","position":3,"name":"POD\u013dA CHODU"}]},{"@type":"WebSite","@id":"https:\/\/foodonedge.com\/#website","url":"https:\/\/foodonedge.com\/","name":"FOOD ON EDGE","description":"","potentialAction":[{"@type":"SearchAction","target":{"@type":"EntryPoint","urlTemplate":"https:\/\/foodonedge.com\/?s={search_term_string}"},"query-input":{"@type":"PropertyValueSpecification","valueRequired":true,"valueName":"search_term_string"}}],"inLanguage":"en-US"}]}},"_links":{"self":[{"href":"https:\/\/foodonedge.com\/en\/wp-json\/wp\/v2\/pages\/2214","targetHints":{"allow":["GET"]}}],"collection":[{"href":"https:\/\/foodonedge.com\/en\/wp-json\/wp\/v2\/pages"}],"about":[{"href":"https:\/\/foodonedge.com\/en\/wp-json\/wp\/v2\/types\/page"}],"author":[{"embeddable":true,"href":"https:\/\/foodonedge.com\/en\/wp-json\/wp\/v2\/users\/1"}],"replies":[{"embeddable":true,"href":"https:\/\/foodonedge.com\/en\/wp-json\/wp\/v2\/comments?post=2214"}],"version-history":[{"count":4,"href":"https:\/\/foodonedge.com\/en\/wp-json\/wp\/v2\/pages\/2214\/revisions"}],"predecessor-version":[{"id":2445,"href":"https:\/\/foodonedge.com\/en\/wp-json\/wp\/v2\/pages\/2214\/revisions\/2445"}],"up":[{"embeddable":true,"href":"https:\/\/foodonedge.com\/en\/wp-json\/wp\/v2\/pages\/2144"}],"wp:attachment":[{"href":"https:\/\/foodonedge.com\/en\/wp-json\/wp\/v2\/media?parent=2214"}],"curies":[{"name":"wp","href":"https:\/\/api.w.org\/{rel}","templated":true}]}}