{"id":147,"date":"2023-01-30T15:01:03","date_gmt":"2023-01-30T14:01:03","guid":{"rendered":"http:\/\/foodonedge.com\/?page_id=147"},"modified":"2023-04-18T16:20:20","modified_gmt":"2023-04-18T14:20:20","slug":"o-mne","status":"publish","type":"page","link":"https:\/\/foodonedge.com\/en\/o-mne\/","title":{"rendered":"ABOUT ME"},"content":{"rendered":"<p>Pre\u010do food blog? Lebo jedlo je moja v\u00e1\u0161e\u0148. \u010clovek by a\u017e povedal, \u017ee je to men\u0161ia posadnutos\u0165. Rada var\u00edm, to hej. Raz za \u010das aj pe\u010diem. Na druhej strane rada jem &#8211; do \u00famoru. Aj ke\u010f na moju sestru sa zatia\u013e v mno\u017estve zjeden\u00e9ho jedla na posedenie nechyt\u00e1m. Rada sk\u00fa\u0161am nov\u00e9 re\u0161taur\u00e1cie a nav\u0161tevujem tie, ktor\u00e9 u\u017e v mojom srdci miesto maj\u00fa. Rada objavujem nov\u00e9 jedl\u00e1 a chute. Rada o jedle hovor\u00edm a \u010d\u00edtam. Rada sledujem dokumenty o jedle. No proste, jedlo je m\u00f4j \u017eivot. Takmer&#8230;<\/p>\n\n\n\n<p>Ako superman, aj ja som cez de\u0148 oby\u010dajn\u00fd radov\u00fd administrat\u00edvny pracovn\u00edk. A\u017e po pr\u00e1ci sa men\u00edm na food fanatika \ud83d\ude42 \u010ci raz pr\u00edde mo\u017enos\u0165 a budem sa venova\u0165 24\/7 pr\u00e1ve jedlu, \u0165a\u017eko poveda\u0165. Zatia\u013e si na varen\u00ed ulietavam najm\u00e4 cez v\u00edkendy.<\/p>\n\n\n\n<p>Okrem varenia milujem aj cestovanie. Len keby tak bolo viac \u010dasu a pe\u0148az\u00ed, \u017ee? \ud83d\ude42 Samozrejme, aj ke\u010f cestujem, ochutn\u00e1vka lok\u00e1lnej kuchyne je pre m\u0148a neoddelite\u013enou s\u00fa\u010das\u0165ou z\u00e1\u017eitku. Niekedy to dopadne lep\u0161ie, inokedy hor\u0161ie. Niektor\u00e9 jedl\u00e1 napr\u00edklad u\u017e nikdy nebudem ma\u0165 potrebu znova da\u0165 do \u00fast, zatia\u013e \u010do in\u00e9, by som jedla na dennej b\u00e1ze, ak by sa dalo.<\/p>\n\n\n\n<p>Tak\u017ee v skratke asi tak! Budem ve\u013emi rada, ak sa V\u00e1m m\u00f4j blog bude p\u00e1\u010di\u0165 a budem pova\u017eova\u0165 za \u00faspech aj ke\u010f len niektor\u00fdch z V\u00e1s in\u0161pirujem k vareniu alebo k n\u00e1v\u0161teve niektorej z mojich srdcov\u00fdch destin\u00e1ci\u00ed.<\/p>\n\n\n\n<p>Sn\u00e1\u010f sa m\u00e1te na \u010do te\u0161i\u0165&#8230; \ud83d\ude09<\/p>\n\n\n\n<p>S.<\/p>","protected":false},"excerpt":{"rendered":"<p>Pre\u010do food blog? Lebo jedlo je moja v\u00e1\u0161e\u0148. \u010clovek by a\u017e povedal, \u017ee je to men\u0161ia posadnutos\u0165. Rada var\u00edm, to hej. Raz za \u010das aj pe\u010diem. Na druhej strane rada jem &#8211; do \u00famoru. Aj ke\u010f na moju sestru sa zatia\u013e v mno\u017estve zjeden\u00e9ho jedla &hellip; <\/p>","protected":false},"author":1,"featured_media":0,"parent":0,"menu_order":0,"comment_status":"closed","ping_status":"closed","template":"","meta":{"_monsterinsights_skip_tracking":false,"_monsterinsights_sitenote_active":false,"_monsterinsights_sitenote_note":"","_monsterinsights_sitenote_category":0,"footnotes":""},"class_list":["post-147","page","type-page","status-publish","hentry"],"yoast_head":"<!-- This site is optimized with the Yoast SEO plugin v27.4 - https:\/\/yoast.com\/product\/yoast-seo-wordpress\/ -->\n<title>O MNE - FOOD ON EDGE<\/title>\n<meta name=\"robots\" content=\"index, follow, max-snippet:-1, max-image-preview:large, max-video-preview:-1\" \/>\n<link rel=\"canonical\" href=\"https:\/\/foodonedge.com\/en\/o-mne\/\" \/>\n<meta property=\"og:locale\" content=\"en_US\" \/>\n<meta property=\"og:type\" content=\"article\" \/>\n<meta property=\"og:title\" content=\"O MNE - FOOD ON EDGE\" \/>\n<meta property=\"og:description\" content=\"Pre\u010do food blog? Lebo jedlo je moja v\u00e1\u0161e\u0148. \u010clovek by a\u017e povedal, \u017ee je to men\u0161ia posadnutos\u0165. Rada var\u00edm, to hej. Raz za \u010das aj pe\u010diem. Na druhej strane rada jem &#8211; do \u00famoru. Aj ke\u010f na moju sestru sa zatia\u013e v mno\u017estve zjeden\u00e9ho jedla &hellip;\" \/>\n<meta property=\"og:url\" content=\"https:\/\/foodonedge.com\/en\/o-mne\/\" \/>\n<meta property=\"og:site_name\" content=\"FOOD ON EDGE\" \/>\n<meta property=\"article:modified_time\" content=\"2023-04-18T14:20:20+00:00\" \/>\n<meta name=\"twitter:card\" content=\"summary_large_image\" \/>\n<meta name=\"twitter:label1\" content=\"Est. reading time\" \/>\n\t<meta name=\"twitter:data1\" content=\"1 minute\" \/>\n<script type=\"application\/ld+json\" class=\"yoast-schema-graph\">{\"@context\":\"https:\\\/\\\/schema.org\",\"@graph\":[{\"@type\":\"WebPage\",\"@id\":\"https:\\\/\\\/foodonedge.com\\\/o-mne\\\/\",\"url\":\"https:\\\/\\\/foodonedge.com\\\/o-mne\\\/\",\"name\":\"O MNE - FOOD ON EDGE\",\"isPartOf\":{\"@id\":\"https:\\\/\\\/foodonedge.com\\\/#website\"},\"datePublished\":\"2023-01-30T14:01:03+00:00\",\"dateModified\":\"2023-04-18T14:20:20+00:00\",\"breadcrumb\":{\"@id\":\"https:\\\/\\\/foodonedge.com\\\/o-mne\\\/#breadcrumb\"},\"inLanguage\":\"en-US\",\"potentialAction\":[{\"@type\":\"ReadAction\",\"target\":[\"https:\\\/\\\/foodonedge.com\\\/o-mne\\\/\"]}]},{\"@type\":\"BreadcrumbList\",\"@id\":\"https:\\\/\\\/foodonedge.com\\\/o-mne\\\/#breadcrumb\",\"itemListElement\":[{\"@type\":\"ListItem\",\"position\":1,\"name\":\"Domovsk\u00e1 str\u00e1nka\",\"item\":\"https:\\\/\\\/foodonedge.com\\\/\"},{\"@type\":\"ListItem\",\"position\":2,\"name\":\"O MNE\"}]},{\"@type\":\"WebSite\",\"@id\":\"https:\\\/\\\/foodonedge.com\\\/#website\",\"url\":\"https:\\\/\\\/foodonedge.com\\\/\",\"name\":\"FOOD ON EDGE\",\"description\":\"\",\"potentialAction\":[{\"@type\":\"SearchAction\",\"target\":{\"@type\":\"EntryPoint\",\"urlTemplate\":\"https:\\\/\\\/foodonedge.com\\\/?s={search_term_string}\"},\"query-input\":{\"@type\":\"PropertyValueSpecification\",\"valueRequired\":true,\"valueName\":\"search_term_string\"}}],\"inLanguage\":\"en-US\"}]}<\/script>\n<!-- \/ Yoast SEO plugin. -->","yoast_head_json":{"title":"O MNE - FOOD ON EDGE","robots":{"index":"index","follow":"follow","max-snippet":"max-snippet:-1","max-image-preview":"max-image-preview:large","max-video-preview":"max-video-preview:-1"},"canonical":"https:\/\/foodonedge.com\/en\/o-mne\/","og_locale":"en_US","og_type":"article","og_title":"O MNE - FOOD ON EDGE","og_description":"Pre\u010do food blog? Lebo jedlo je moja v\u00e1\u0161e\u0148. \u010clovek by a\u017e povedal, \u017ee je to men\u0161ia posadnutos\u0165. Rada var\u00edm, to hej. Raz za \u010das aj pe\u010diem. Na druhej strane rada jem &#8211; do \u00famoru. Aj ke\u010f na moju sestru sa zatia\u013e v mno\u017estve zjeden\u00e9ho jedla &hellip;","og_url":"https:\/\/foodonedge.com\/en\/o-mne\/","og_site_name":"FOOD ON EDGE","article_modified_time":"2023-04-18T14:20:20+00:00","twitter_card":"summary_large_image","twitter_misc":{"Est. reading time":"1 minute"},"schema":{"@context":"https:\/\/schema.org","@graph":[{"@type":"WebPage","@id":"https:\/\/foodonedge.com\/o-mne\/","url":"https:\/\/foodonedge.com\/o-mne\/","name":"O MNE - FOOD ON EDGE","isPartOf":{"@id":"https:\/\/foodonedge.com\/#website"},"datePublished":"2023-01-30T14:01:03+00:00","dateModified":"2023-04-18T14:20:20+00:00","breadcrumb":{"@id":"https:\/\/foodonedge.com\/o-mne\/#breadcrumb"},"inLanguage":"en-US","potentialAction":[{"@type":"ReadAction","target":["https:\/\/foodonedge.com\/o-mne\/"]}]},{"@type":"BreadcrumbList","@id":"https:\/\/foodonedge.com\/o-mne\/#breadcrumb","itemListElement":[{"@type":"ListItem","position":1,"name":"Domovsk\u00e1 str\u00e1nka","item":"https:\/\/foodonedge.com\/"},{"@type":"ListItem","position":2,"name":"O MNE"}]},{"@type":"WebSite","@id":"https:\/\/foodonedge.com\/#website","url":"https:\/\/foodonedge.com\/","name":"FOOD ON EDGE","description":"","potentialAction":[{"@type":"SearchAction","target":{"@type":"EntryPoint","urlTemplate":"https:\/\/foodonedge.com\/?s={search_term_string}"},"query-input":{"@type":"PropertyValueSpecification","valueRequired":true,"valueName":"search_term_string"}}],"inLanguage":"en-US"}]}},"_links":{"self":[{"href":"https:\/\/foodonedge.com\/en\/wp-json\/wp\/v2\/pages\/147","targetHints":{"allow":["GET"]}}],"collection":[{"href":"https:\/\/foodonedge.com\/en\/wp-json\/wp\/v2\/pages"}],"about":[{"href":"https:\/\/foodonedge.com\/en\/wp-json\/wp\/v2\/types\/page"}],"author":[{"embeddable":true,"href":"https:\/\/foodonedge.com\/en\/wp-json\/wp\/v2\/users\/1"}],"replies":[{"embeddable":true,"href":"https:\/\/foodonedge.com\/en\/wp-json\/wp\/v2\/comments?post=147"}],"version-history":[{"count":3,"href":"https:\/\/foodonedge.com\/en\/wp-json\/wp\/v2\/pages\/147\/revisions"}],"predecessor-version":[{"id":2189,"href":"https:\/\/foodonedge.com\/en\/wp-json\/wp\/v2\/pages\/147\/revisions\/2189"}],"wp:attachment":[{"href":"https:\/\/foodonedge.com\/en\/wp-json\/wp\/v2\/media?parent=147"}],"curies":[{"name":"wp","href":"https:\/\/api.w.org\/{rel}","templated":true}]}}